{"id":889,"date":"2026-02-20T05:16:28","date_gmt":"2026-02-20T05:16:28","guid":{"rendered":"https:\/\/sunupackaging.com\/?page_id=889"},"modified":"2026-04-12T06:52:03","modified_gmt":"2026-04-12T06:52:03","slug":"roll-stock","status":"publish","type":"page","link":"https:\/\/sunupackaging.com\/fr\/roll-stock\/","title":{"rendered":"Roll Stock Packaging"},"content":{"rendered":"<div data-elementor-type=\"wp-page\" data-elementor-id=\"889\" class=\"elementor elementor-889\" data-elementor-post-type=\"page\">\n\t\t\t\t<div class=\"elementor-element elementor-element-720cd90 e-flex e-con-boxed e-con e-parent\" data-id=\"720cd90\" data-element_type=\"container\" data-e-type=\"container\" data-settings=\"{&quot;background_background&quot;:&quot;classic&quot;}\">\n\t\t\t\t\t<div class=\"e-con-inner\">\n\t\t\t\t\t<\/div>\n\t\t\t\t<\/div>\n\t\t<div class=\"elementor-element elementor-element-7ab204d e-flex e-con-boxed e-con e-parent\" data-id=\"7ab204d\" data-element_type=\"container\" data-e-type=\"container\">\n\t\t\t\t\t<div class=\"e-con-inner\">\n\t\t<div class=\"elementor-element elementor-element-28c8e89 e-con-full e-flex e-con e-child\" data-id=\"28c8e89\" data-element_type=\"container\" data-e-type=\"container\">\n\t\t\t\t<div class=\"elementor-element elementor-element-e6565c7 elementor-widget elementor-widget-image\" data-id=\"e6565c7\" data-element_type=\"widget\" data-e-type=\"widget\" data-widget_type=\"image.default\">\n\t\t\t\t\t\t\t\t\t\t\t\t\t\t\t<img fetchpriority=\"high\" decoding=\"async\" width=\"800\" height=\"800\" src=\"https:\/\/sunupackaging.com\/wp-content\/uploads\/2026\/03\/Custom-Laminated-Printed-Rollstock.png\" class=\"attachment-large size-large wp-image-1308\" alt=\"\" srcset=\"https:\/\/sunupackaging.com\/wp-content\/uploads\/2026\/03\/Custom-Laminated-Printed-Rollstock.png 1024w, https:\/\/sunupackaging.com\/wp-content\/uploads\/2026\/03\/Custom-Laminated-Printed-Rollstock-300x300.png 300w, https:\/\/sunupackaging.com\/wp-content\/uploads\/2026\/03\/Custom-Laminated-Printed-Rollstock-150x150.png 150w, https:\/\/sunupackaging.com\/wp-content\/uploads\/2026\/03\/Custom-Laminated-Printed-Rollstock-768x768.png 768w, https:\/\/sunupackaging.com\/wp-content\/uploads\/2026\/03\/Custom-Laminated-Printed-Rollstock-12x12.png 12w\" sizes=\"(max-width: 800px) 100vw, 800px\" \/>\t\t\t\t\t\t\t\t\t\t\t\t\t\t\t<\/div>\n\t\t\t\t<\/div>\n\t\t<div class=\"elementor-element elementor-element-9a02d3c e-con-full e-flex e-con e-child\" data-id=\"9a02d3c\" data-element_type=\"container\" data-e-type=\"container\">\n\t\t<div class=\"elementor-element elementor-element-3206fcf e-con-full e-flex e-con e-child\" data-id=\"3206fcf\" data-element_type=\"container\" data-e-type=\"container\" data-settings=\"{&quot;background_background&quot;:&quot;classic&quot;}\">\n\t\t\t\t<div class=\"elementor-element elementor-element-57d01d7 elementor-widget elementor-widget-heading\" data-id=\"57d01d7\" data-element_type=\"widget\" data-e-type=\"widget\" data-widget_type=\"heading.default\">\n\t\t\t\t\t<h2 class=\"elementor-heading-title elementor-size-default\">Custom Laminated Printed Rollstock<\/h2>\t\t\t\t<\/div>\n\t\t\t\t<div class=\"elementor-element elementor-element-5ca79c7 elementor-widget elementor-widget-text-editor\" data-id=\"5ca79c7\" data-element_type=\"widget\" data-e-type=\"widget\" data-widget_type=\"text-editor.default\">\n\t\t\t\t\t\t\t\t\t<p data-path-to-node=\"1\">We meet the growing global demand for high-performance single-ply and multi-layer <b data-path-to-node=\"1\" data-index-in-node=\"82\">laminated rollstock<\/b>, specifically engineered for automatic form, fill, and seal (FFS) machinery. This solution is designed for brands looking to optimize production speed and efficiency.<br \/><br \/><\/p><p data-path-to-node=\"2\">Our rollstock integrates seamlessly with both Horizontal and Vertical (HFFS\/VFFS) equipment, as well as automatic pouch-making systems. We manufacture various structures, web widths, and repeat lengths to match your precise specifications. We offer both <b data-path-to-node=\"2\" data-index-in-node=\"254\">surface and reverse printing<\/b> options, with multiple rewind orientations available to suit your specific machine requirements.<br \/><br \/><\/p><p data-path-to-node=\"3\">By utilizing advanced triplex lamination and wide-web printing, we provide a cost-effective, high-speed alternative to pre-formed bags. This process ensures premium durability and professional branding for all <b data-path-to-node=\"3\" data-index-in-node=\"210\">wholesale<\/b> packaging needs.<br \/><br \/><\/p><p data-path-to-node=\"4\">Our master rolls are available in diverse materials and thicknesses, with optional features like <b data-path-to-node=\"4\" data-index-in-node=\"97\">Inno-Lok zippers<\/b>, custom coatings, perforations, or precision slitting. Once processed, our rollstock converts into multiple formats, including pillow packs, flow wraps, lidding, thermoforming, and <b data-path-to-node=\"4\" data-index-in-node=\"295\">stand-up pouches<\/b>.<\/p>\t\t\t\t\t\t\t\t<\/div>\n\t\t\t\t<div class=\"elementor-element elementor-element-a3ebb73 elementor-align-left elementor-widget elementor-widget-button\" data-id=\"a3ebb73\" data-element_type=\"widget\" data-e-type=\"widget\" data-widget_type=\"button.default\">\n\t\t\t\t\t\t\t\t\t\t<a class=\"elementor-button elementor-button-link elementor-size-sm\" href=\"#elementor-action%3Aaction%3Dpopup%3Aopen%26settings%3DeyJpZCI6IjQ2MyIsInRvZ2dsZSI6ZmFsc2V9\">\n\t\t\t\t\t\t<span class=\"elementor-button-content-wrapper\">\n\t\t\t\t\t\t<span class=\"elementor-button-icon\">\n\t\t\t\t<svg aria-hidden=\"true\" class=\"e-font-icon-svg e-far-hand-point-right\" viewbox=\"0 0 512 512\" xmlns=\"http:\/\/www.w3.org\/2000\/svg\"><path d=\"M428.8 137.6h-86.177a115.52 115.52 0 0 0 2.176-22.4c0-47.914-35.072-83.2-92-83.2-45.314 0-57.002 48.537-75.707 78.784-7.735 12.413-16.994 23.317-25.851 33.253l-.131.146-.129.148C135.662 161.807 127.764 168 120.8 168h-2.679c-5.747-4.952-13.536-8-22.12-8H32c-17.673 0-32 12.894-32 28.8v230.4C0 435.106 14.327 448 32 448h64c8.584 0 16.373-3.048 22.12-8h2.679c28.688 0 67.137 40 127.2 40h21.299c62.542 0 98.8-38.658 99.94-91.145 12.482-17.813 18.491-40.785 15.985-62.791A93.148 93.148 0 0 0 393.152 304H428.8c45.435 0 83.2-37.584 83.2-83.2 0-45.099-38.101-83.2-83.2-83.2zm0 118.4h-91.026c12.837 14.669 14.415 42.825-4.95 61.05 11.227 19.646 1.687 45.624-12.925 53.625 6.524 39.128-10.076 61.325-50.6 61.325H248c-45.491 0-77.21-35.913-120-39.676V215.571c25.239-2.964 42.966-21.222 59.075-39.596 11.275-12.65 21.725-25.3 30.799-39.875C232.355 112.712 244.006 80 252.8 80c23.375 0 44 8.8 44 35.2 0 35.2-26.4 53.075-26.4 70.4h158.4c18.425 0 35.2 16.5 35.2 35.2 0 18.975-16.225 35.2-35.2 35.2zM88 384c0 13.255-10.745 24-24 24s-24-10.745-24-24 10.745-24 24-24 24 10.745 24 24z\"><\/path><\/svg>\t\t\t<\/span>\n\t\t\t\t\t\t\t\t\t<span class=\"elementor-button-text\">Obtenir un devis<\/span>\n\t\t\t\t\t<\/span>\n\t\t\t\t\t<\/a>\n\t\t\t\t\t\t\t\t<\/div>\n\t\t\t\t<\/div>\n\t\t\t\t<\/div>\n\t\t\t\t\t<\/div>\n\t\t\t\t<\/div>\n\t\t<div class=\"elementor-element elementor-element-60ff2fb e-flex e-con-boxed e-con e-parent\" data-id=\"60ff2fb\" data-element_type=\"container\" data-e-type=\"container\" data-settings=\"{&quot;background_background&quot;:&quot;classic&quot;}\">\n\t\t\t\t\t<div class=\"e-con-inner\">\n\t\t<div class=\"elementor-element elementor-element-e203650 e-con-full e-flex e-con e-child\" data-id=\"e203650\" data-element_type=\"container\" data-e-type=\"container\" data-settings=\"{&quot;background_background&quot;:&quot;classic&quot;}\">\n\t\t\t\t<div class=\"elementor-element elementor-element-381198f elementor-position-top elementor-widget elementor-widget-image-box\" data-id=\"381198f\" data-element_type=\"widget\" data-e-type=\"widget\" data-widget_type=\"image-box.default\">\n\t\t\t\t\t<div class=\"elementor-image-box-wrapper\"><figure class=\"elementor-image-box-img\"><img decoding=\"async\" width=\"158\" height=\"158\" src=\"https:\/\/sunupackaging.com\/wp-content\/uploads\/2026\/02\/rollstock-chart-img1.jpg\" class=\"attachment-full size-full wp-image-901\" alt=\"\" srcset=\"https:\/\/sunupackaging.com\/wp-content\/uploads\/2026\/02\/rollstock-chart-img1.jpg 158w, https:\/\/sunupackaging.com\/wp-content\/uploads\/2026\/02\/rollstock-chart-img1-150x150.jpg 150w\" sizes=\"(max-width: 158px) 100vw, 158px\" \/><\/figure><div class=\"elementor-image-box-content\"><h3 class=\"elementor-image-box-title\">Direction #1<\/h3><p class=\"elementor-image-box-description\">: Top-first delivery with printing on the outer layer.<\/p><\/div><\/div>\t\t\t\t<\/div>\n\t\t\t\t<\/div>\n\t\t<div class=\"elementor-element elementor-element-b9af736 e-con-full e-flex e-con e-child\" data-id=\"b9af736\" data-element_type=\"container\" data-e-type=\"container\" data-settings=\"{&quot;background_background&quot;:&quot;classic&quot;}\">\n\t\t\t\t<div class=\"elementor-element elementor-element-af0bca1 elementor-position-top elementor-widget elementor-widget-image-box\" data-id=\"af0bca1\" data-element_type=\"widget\" data-e-type=\"widget\" data-widget_type=\"image-box.default\">\n\t\t\t\t\t<div class=\"elementor-image-box-wrapper\"><figure class=\"elementor-image-box-img\"><img decoding=\"async\" width=\"158\" height=\"158\" src=\"https:\/\/sunupackaging.com\/wp-content\/uploads\/2026\/02\/rollstock-chart-img2.jpg\" class=\"attachment-full size-full wp-image-900\" alt=\"\" srcset=\"https:\/\/sunupackaging.com\/wp-content\/uploads\/2026\/02\/rollstock-chart-img2.jpg 158w, https:\/\/sunupackaging.com\/wp-content\/uploads\/2026\/02\/rollstock-chart-img2-150x150.jpg 150w\" sizes=\"(max-width: 158px) 100vw, 158px\" \/><\/figure><div class=\"elementor-image-box-content\"><h3 class=\"elementor-image-box-title\">Direction #2<\/h3><p class=\"elementor-image-box-description\">Bottom-first delivery with printing on the outer layer.<\/p><\/div><\/div>\t\t\t\t<\/div>\n\t\t\t\t<\/div>\n\t\t<div class=\"elementor-element elementor-element-e7833d2 e-con-full e-flex e-con e-child\" data-id=\"e7833d2\" data-element_type=\"container\" data-e-type=\"container\" data-settings=\"{&quot;background_background&quot;:&quot;classic&quot;}\">\n\t\t\t\t<div class=\"elementor-element elementor-element-8397eac elementor-position-top elementor-widget elementor-widget-image-box\" data-id=\"8397eac\" data-element_type=\"widget\" data-e-type=\"widget\" data-widget_type=\"image-box.default\">\n\t\t\t\t\t<div class=\"elementor-image-box-wrapper\"><figure class=\"elementor-image-box-img\"><img loading=\"lazy\" decoding=\"async\" width=\"158\" height=\"158\" src=\"https:\/\/sunupackaging.com\/wp-content\/uploads\/2026\/02\/rollstock-chart-img3.jpg\" class=\"attachment-full size-full wp-image-899\" alt=\"\" srcset=\"https:\/\/sunupackaging.com\/wp-content\/uploads\/2026\/02\/rollstock-chart-img3.jpg 158w, https:\/\/sunupackaging.com\/wp-content\/uploads\/2026\/02\/rollstock-chart-img3-150x150.jpg 150w\" sizes=\"(max-width: 158px) 100vw, 158px\" \/><\/figure><div class=\"elementor-image-box-content\"><h3 class=\"elementor-image-box-title\">Direction #3<\/h3><p class=\"elementor-image-box-description\">Left-side leading orientation (Outside Wind).<\/p><\/div><\/div>\t\t\t\t<\/div>\n\t\t\t\t<\/div>\n\t\t<div class=\"elementor-element elementor-element-182ded9 e-con-full e-flex e-con e-child\" data-id=\"182ded9\" data-element_type=\"container\" data-e-type=\"container\" data-settings=\"{&quot;background_background&quot;:&quot;classic&quot;}\">\n\t\t\t\t<div class=\"elementor-element elementor-element-ac4930d elementor-position-top elementor-widget elementor-widget-image-box\" data-id=\"ac4930d\" data-element_type=\"widget\" data-e-type=\"widget\" data-widget_type=\"image-box.default\">\n\t\t\t\t\t<div class=\"elementor-image-box-wrapper\"><figure class=\"elementor-image-box-img\"><img loading=\"lazy\" decoding=\"async\" width=\"158\" height=\"158\" src=\"https:\/\/sunupackaging.com\/wp-content\/uploads\/2026\/02\/rollstock-chart-img4.jpg\" class=\"attachment-full size-full wp-image-898\" alt=\"\" srcset=\"https:\/\/sunupackaging.com\/wp-content\/uploads\/2026\/02\/rollstock-chart-img4.jpg 158w, https:\/\/sunupackaging.com\/wp-content\/uploads\/2026\/02\/rollstock-chart-img4-150x150.jpg 150w\" sizes=\"(max-width: 158px) 100vw, 158px\" \/><\/figure><div class=\"elementor-image-box-content\"><h3 class=\"elementor-image-box-title\">Direction #4<\/h3><p class=\"elementor-image-box-description\"> Right-side leading orientation (Outside Wind).<\/p><\/div><\/div>\t\t\t\t<\/div>\n\t\t\t\t<\/div>\n\t\t<div class=\"elementor-element elementor-element-9efb83a e-con-full e-flex e-con e-child\" data-id=\"9efb83a\" data-element_type=\"container\" data-e-type=\"container\" data-settings=\"{&quot;background_background&quot;:&quot;classic&quot;}\">\n\t\t\t\t<div class=\"elementor-element elementor-element-9313c4d elementor-position-top elementor-widget elementor-widget-image-box\" data-id=\"9313c4d\" data-element_type=\"widget\" data-e-type=\"widget\" data-widget_type=\"image-box.default\">\n\t\t\t\t\t<div class=\"elementor-image-box-wrapper\"><figure class=\"elementor-image-box-img\"><img loading=\"lazy\" decoding=\"async\" width=\"158\" height=\"158\" src=\"https:\/\/sunupackaging.com\/wp-content\/uploads\/2026\/02\/rollstock-chart-img5.jpg\" class=\"attachment-full size-full wp-image-897\" alt=\"\" srcset=\"https:\/\/sunupackaging.com\/wp-content\/uploads\/2026\/02\/rollstock-chart-img5.jpg 158w, https:\/\/sunupackaging.com\/wp-content\/uploads\/2026\/02\/rollstock-chart-img5-150x150.jpg 150w\" sizes=\"(max-width: 158px) 100vw, 158px\" \/><\/figure><div class=\"elementor-image-box-content\"><h3 class=\"elementor-image-box-title\">Direction #5<\/h3><p class=\"elementor-image-box-description\">Top-first delivery (Printing faces inward).<\/p><\/div><\/div>\t\t\t\t<\/div>\n\t\t\t\t<\/div>\n\t\t<div class=\"elementor-element elementor-element-9dd3562 e-con-full e-flex e-con e-child\" data-id=\"9dd3562\" data-element_type=\"container\" data-e-type=\"container\" data-settings=\"{&quot;background_background&quot;:&quot;classic&quot;}\">\n\t\t\t\t<div class=\"elementor-element elementor-element-af848bf elementor-position-top elementor-widget elementor-widget-image-box\" data-id=\"af848bf\" data-element_type=\"widget\" data-e-type=\"widget\" data-widget_type=\"image-box.default\">\n\t\t\t\t\t<div class=\"elementor-image-box-wrapper\"><figure class=\"elementor-image-box-img\"><img loading=\"lazy\" decoding=\"async\" width=\"158\" height=\"158\" src=\"https:\/\/sunupackaging.com\/wp-content\/uploads\/2026\/02\/rollstock-chart-img6.jpg\" class=\"attachment-full size-full wp-image-896\" alt=\"\" srcset=\"https:\/\/sunupackaging.com\/wp-content\/uploads\/2026\/02\/rollstock-chart-img6.jpg 158w, https:\/\/sunupackaging.com\/wp-content\/uploads\/2026\/02\/rollstock-chart-img6-150x150.jpg 150w\" sizes=\"(max-width: 158px) 100vw, 158px\" \/><\/figure><div class=\"elementor-image-box-content\"><h3 class=\"elementor-image-box-title\">Direction #6<\/h3><p class=\"elementor-image-box-description\">Bottom-first delivery (Printing faces inward).<\/p><\/div><\/div>\t\t\t\t<\/div>\n\t\t\t\t<\/div>\n\t\t<div class=\"elementor-element elementor-element-ab972fa e-con-full e-flex e-con e-child\" data-id=\"ab972fa\" data-element_type=\"container\" data-e-type=\"container\" data-settings=\"{&quot;background_background&quot;:&quot;classic&quot;}\">\n\t\t\t\t<div class=\"elementor-element elementor-element-4d3df86 elementor-position-top elementor-widget elementor-widget-image-box\" data-id=\"4d3df86\" data-element_type=\"widget\" data-e-type=\"widget\" data-widget_type=\"image-box.default\">\n\t\t\t\t\t<div class=\"elementor-image-box-wrapper\"><figure class=\"elementor-image-box-img\"><img loading=\"lazy\" decoding=\"async\" width=\"158\" height=\"158\" src=\"https:\/\/sunupackaging.com\/wp-content\/uploads\/2026\/02\/rollstock-chart-img7.jpg\" class=\"attachment-full size-full wp-image-895\" alt=\"\" srcset=\"https:\/\/sunupackaging.com\/wp-content\/uploads\/2026\/02\/rollstock-chart-img7.jpg 158w, https:\/\/sunupackaging.com\/wp-content\/uploads\/2026\/02\/rollstock-chart-img7-150x150.jpg 150w\" sizes=\"(max-width: 158px) 100vw, 158px\" \/><\/figure><div class=\"elementor-image-box-content\"><h3 class=\"elementor-image-box-title\">Direction #7<\/h3><p class=\"elementor-image-box-description\">Left-side leading edge (Inside Wind).<\/p><\/div><\/div>\t\t\t\t<\/div>\n\t\t\t\t<\/div>\n\t\t<div class=\"elementor-element elementor-element-9f2c3be e-con-full e-flex e-con e-child\" data-id=\"9f2c3be\" data-element_type=\"container\" data-e-type=\"container\" data-settings=\"{&quot;background_background&quot;:&quot;classic&quot;}\">\n\t\t\t\t<div class=\"elementor-element elementor-element-bce6bcc elementor-position-top elementor-widget elementor-widget-image-box\" data-id=\"bce6bcc\" data-element_type=\"widget\" data-e-type=\"widget\" data-widget_type=\"image-box.default\">\n\t\t\t\t\t<div class=\"elementor-image-box-wrapper\"><figure class=\"elementor-image-box-img\"><img loading=\"lazy\" decoding=\"async\" width=\"158\" height=\"158\" src=\"https:\/\/sunupackaging.com\/wp-content\/uploads\/2026\/02\/rollstock-chart-img8.jpg\" class=\"attachment-full size-full wp-image-894\" alt=\"\" srcset=\"https:\/\/sunupackaging.com\/wp-content\/uploads\/2026\/02\/rollstock-chart-img8.jpg 158w, https:\/\/sunupackaging.com\/wp-content\/uploads\/2026\/02\/rollstock-chart-img8-150x150.jpg 150w\" sizes=\"(max-width: 158px) 100vw, 158px\" \/><\/figure><div class=\"elementor-image-box-content\"><h3 class=\"elementor-image-box-title\">Direction #8<\/h3><p class=\"elementor-image-box-description\">Right-side leading edge (Inside Wind).<\/p><\/div><\/div>\t\t\t\t<\/div>\n\t\t\t\t<\/div>\n\t\t\t\t\t<\/div>\n\t\t\t\t<\/div>\n\t\t<div class=\"elementor-element elementor-element-10835de e-flex e-con-boxed e-con e-parent\" data-id=\"10835de\" data-element_type=\"container\" data-e-type=\"container\">\n\t\t\t\t\t<div class=\"e-con-inner\">\n\t\t\t\t<div class=\"elementor-element elementor-element-b8e461e elementor-widget elementor-widget-template\" data-id=\"b8e461e\" data-element_type=\"widget\" data-e-type=\"widget\" data-widget_type=\"template.default\">\n\t\t\t\t<div class=\"elementor-widget-container\">\n\t\t\t\t\t\t\t<div class=\"elementor-template\">\n\t\t\t\t\t<div data-elementor-type=\"container\" data-elementor-id=\"666\" class=\"elementor elementor-666\" data-elementor-post-type=\"elementor_library\">\n\t\t\t\t<div class=\"elementor-element elementor-element-5a1ff2ba e-flex e-con-boxed e-con e-parent\" data-id=\"5a1ff2ba\" data-element_type=\"container\" data-e-type=\"container\">\n\t\t\t\t\t<div class=\"e-con-inner\">\n\t\t<div class=\"elementor-element elementor-element-38ef4780 e-con-full e-flex e-con e-child\" data-id=\"38ef4780\" data-element_type=\"container\" data-e-type=\"container\" data-settings=\"{&quot;background_background&quot;:&quot;classic&quot;}\">\n\t\t\t\t<div class=\"elementor-element elementor-element-36fc770d elementor-widget elementor-widget-heading\" data-id=\"36fc770d\" data-element_type=\"widget\" data-e-type=\"widget\" data-widget_type=\"heading.default\">\n\t\t\t\t\t<h2 class=\"elementor-heading-title elementor-size-default\">Pour plus d'informations,\nveuillez nous contacter<\/h2>\t\t\t\t<\/div>\n\t\t\t\t<div class=\"elementor-element elementor-element-75de4ca1 elementor-widget__width-initial elementor-widget-tablet__width-inherit elementor-widget elementor-widget-text-editor\" data-id=\"75de4ca1\" data-element_type=\"widget\" data-e-type=\"widget\" data-widget_type=\"text-editor.default\">\n\t\t\t\t\t\t\t\t\t<p>Notre personnel peut aider \u00e0 d\u00e9velopper les besoins du client, y compris les performances de la machine. l'\u00e9conomie et la dur\u00e9e de conservation.<\/p>\t\t\t\t\t\t\t\t<\/div>\n\t\t\t\t<div class=\"elementor-element elementor-element-a13495a elementor-align-center elementor-widget elementor-widget-button\" data-id=\"a13495a\" data-element_type=\"widget\" data-e-type=\"widget\" data-widget_type=\"button.default\">\n\t\t\t\t\t\t\t\t\t\t<a class=\"elementor-button elementor-button-link elementor-size-sm\" href=\"https:\/\/sunupackaging.com\/fr\/contact-us\/\">\n\t\t\t\t\t\t<span class=\"elementor-button-content-wrapper\">\n\t\t\t\t\t\t\t\t\t<span class=\"elementor-button-text\">Nous contacter<\/span>\n\t\t\t\t\t<\/span>\n\t\t\t\t\t<\/a>\n\t\t\t\t\t\t\t\t<\/div>\n\t\t\t\t<\/div>\n\t\t\t\t\t<\/div>\n\t\t\t\t<\/div>\n\t\t\t\t<\/div>\n\t\t\t\t<\/div>\n\t\t\t\t\t\t<\/div>\n\t\t\t\t<\/div>\n\t\t\t\t\t<\/div>\n\t\t\t\t<\/div>\n\t\t\t\t<\/div>","protected":false},"excerpt":{"rendered":"<p>Custom Laminated Printed Rollstock We meet the growing global demand for high-performance single-ply and multi-layer laminated rollstock, specifically engineered for automatic form, fill, and seal (FFS) machinery. This solution is designed for brands looking to optimize production speed and efficiency. Our rollstock integrates seamlessly with both Horizontal and Vertical (HFFS\/VFFS) equipment, as well as automatic [&hellip;]<\/p>\n","protected":false},"author":2,"featured_media":0,"parent":0,"menu_order":0,"comment_status":"closed","ping_status":"closed","template":"elementor_header_footer","meta":{"_acf_changed":false,"footnotes":""},"class_list":["post-889","page","type-page","status-publish","hentry"],"acf":[],"_links":{"self":[{"href":"https:\/\/sunupackaging.com\/fr\/wp-json\/wp\/v2\/pages\/889","targetHints":{"allow":["GET"]}}],"collection":[{"href":"https:\/\/sunupackaging.com\/fr\/wp-json\/wp\/v2\/pages"}],"about":[{"href":"https:\/\/sunupackaging.com\/fr\/wp-json\/wp\/v2\/types\/page"}],"author":[{"embeddable":true,"href":"https:\/\/sunupackaging.com\/fr\/wp-json\/wp\/v2\/users\/2"}],"replies":[{"embeddable":true,"href":"https:\/\/sunupackaging.com\/fr\/wp-json\/wp\/v2\/comments?post=889"}],"version-history":[{"count":14,"href":"https:\/\/sunupackaging.com\/fr\/wp-json\/wp\/v2\/pages\/889\/revisions"}],"predecessor-version":[{"id":1560,"href":"https:\/\/sunupackaging.com\/fr\/wp-json\/wp\/v2\/pages\/889\/revisions\/1560"}],"wp:attachment":[{"href":"https:\/\/sunupackaging.com\/fr\/wp-json\/wp\/v2\/media?parent=889"}],"curies":[{"name":"wp","href":"https:\/\/api.w.org\/{rel}","templated":true}]}}