{"id":1598,"date":"2026-04-12T13:31:37","date_gmt":"2026-04-12T13:31:37","guid":{"rendered":"https:\/\/sunupackaging.com\/?page_id=1598"},"modified":"2026-04-12T13:32:06","modified_gmt":"2026-04-12T13:32:06","slug":"packaging-printing","status":"publish","type":"page","link":"https:\/\/sunupackaging.com\/fr\/packaging-printing\/","title":{"rendered":"Packaging Printing"},"content":{"rendered":"<div data-elementor-type=\"wp-page\" data-elementor-id=\"1598\" class=\"elementor elementor-1598\" data-elementor-post-type=\"page\">\n\t\t\t\t<div class=\"elementor-element elementor-element-a9544f0 e-flex e-con-boxed e-con e-parent\" data-id=\"a9544f0\" data-element_type=\"container\" data-e-type=\"container\" data-settings=\"{&quot;background_background&quot;:&quot;classic&quot;}\">\n\t\t\t\t\t<div class=\"e-con-inner\">\n\t\t\t\t\t<\/div>\n\t\t\t\t<\/div>\n\t\t<div class=\"elementor-element elementor-element-ca01681 e-flex e-con-boxed e-con e-parent\" data-id=\"ca01681\" data-element_type=\"container\" data-e-type=\"container\">\n\t\t\t\t\t<div class=\"e-con-inner\">\n\t\t<div class=\"elementor-element elementor-element-74fe06f e-con-full e-flex e-con e-child\" data-id=\"74fe06f\" data-element_type=\"container\" data-e-type=\"container\">\n\t\t\t\t<div class=\"elementor-element elementor-element-b8c9a61 elementor-widget elementor-widget-image\" data-id=\"b8c9a61\" data-element_type=\"widget\" data-e-type=\"widget\" data-widget_type=\"image.default\">\n\t\t\t\t\t\t\t\t\t\t\t\t\t\t\t<img fetchpriority=\"high\" decoding=\"async\" width=\"800\" height=\"534\" src=\"https:\/\/sunupackaging.com\/wp-content\/uploads\/2026\/04\/SUNO-Packaging-Six-Bags-of-Animal-Feed-in-a-Digital-Advertisement-for-Various-Animals-1024x683.png\" class=\"attachment-large size-large wp-image-1600\" alt=\"\" srcset=\"https:\/\/sunupackaging.com\/wp-content\/uploads\/2026\/04\/SUNO-Packaging-Six-Bags-of-Animal-Feed-in-a-Digital-Advertisement-for-Various-Animals-1024x683.png 1024w, https:\/\/sunupackaging.com\/wp-content\/uploads\/2026\/04\/SUNO-Packaging-Six-Bags-of-Animal-Feed-in-a-Digital-Advertisement-for-Various-Animals-300x200.png 300w, https:\/\/sunupackaging.com\/wp-content\/uploads\/2026\/04\/SUNO-Packaging-Six-Bags-of-Animal-Feed-in-a-Digital-Advertisement-for-Various-Animals-768x512.png 768w, https:\/\/sunupackaging.com\/wp-content\/uploads\/2026\/04\/SUNO-Packaging-Six-Bags-of-Animal-Feed-in-a-Digital-Advertisement-for-Various-Animals-18x12.png 18w, https:\/\/sunupackaging.com\/wp-content\/uploads\/2026\/04\/SUNO-Packaging-Six-Bags-of-Animal-Feed-in-a-Digital-Advertisement-for-Various-Animals.png 1536w\" sizes=\"(max-width: 800px) 100vw, 800px\" \/>\t\t\t\t\t\t\t\t\t\t\t\t\t\t\t<\/div>\n\t\t\t\t<\/div>\n\t\t<div class=\"elementor-element elementor-element-9c06dde e-con-full e-flex e-con e-child\" data-id=\"9c06dde\" data-element_type=\"container\" data-e-type=\"container\">\n\t\t\t\t<div class=\"elementor-element elementor-element-ca414ba elementor-widget elementor-widget-heading\" data-id=\"ca414ba\" data-element_type=\"widget\" data-e-type=\"widget\" data-widget_type=\"heading.default\">\n\t\t\t\t\t<h4 class=\"elementor-heading-title elementor-size-default\">Packaging Printing<\/h4>\t\t\t\t<\/div>\n\t\t\t\t<div class=\"elementor-element elementor-element-879ccbc elementor-widget elementor-widget-text-editor\" data-id=\"879ccbc\" data-element_type=\"widget\" data-e-type=\"widget\" data-widget_type=\"text-editor.default\">\n\t\t\t\t\t\t\t\t\t<p data-start=\"97\" data-end=\"558\">The print job on packaging gives customers their first impression of your product. It can convey the message of sophistication, functionality, or excitement. At Suno Packaging, we offer the latest technology in rotogravure, flexography, and digital printing. With up to 12 colors capabilities using the latest color management software, we have all you need to cover your printing needs. Suno Packaging has over 25 years of experience in packaging and printing.<br \/><br \/><\/p><p data-start=\"560\" data-end=\"940\">We also offer 3D rendering and other visualization and prototyping tools to assist in collaborative and creative package design. So we are with you from conception through to the final printed packaging. When working with Suno Packaging, you have a dedicated team of industry specialists and innovators focused on ensuring the best quality in all aspects of your package printing.<\/p>\t\t\t\t\t\t\t\t<\/div>\n\t\t\t\t<\/div>\n\t\t\t\t\t<\/div>\n\t\t\t\t<\/div>\n\t\t<div class=\"elementor-element elementor-element-53c2ab6 e-flex e-con-boxed e-con e-parent\" data-id=\"53c2ab6\" data-element_type=\"container\" data-e-type=\"container\">\n\t\t\t\t\t<div class=\"e-con-inner\">\n\t\t<div class=\"elementor-element elementor-element-78ac804 e-con-full e-flex e-con e-child\" data-id=\"78ac804\" data-element_type=\"container\" data-e-type=\"container\">\n\t\t\t\t<div class=\"elementor-element elementor-element-edda0d6 elementor-widget elementor-widget-heading\" data-id=\"edda0d6\" data-element_type=\"widget\" data-e-type=\"widget\" data-widget_type=\"heading.default\">\n\t\t\t\t\t<h4 class=\"elementor-heading-title elementor-size-default\">Rotogravure<\/h4>\t\t\t\t<\/div>\n\t\t\t\t<div class=\"elementor-element elementor-element-b84df38 elementor-widget elementor-widget-text-editor\" data-id=\"b84df38\" data-element_type=\"widget\" data-e-type=\"widget\" data-widget_type=\"text-editor.default\">\n\t\t\t\t\t\t\t\t\t<p data-start=\"93\" data-end=\"576\">Rotogravure printing remains the industry\u2019s top choice for high-quality large volume printing. A large proportion of the prints we produce at Suno Packaging are rotogravure. This printing technique is favored over other methods due to its excellent print detail, scale, and reproducibility. With years of industry experience and long-term partnerships with diverse clients, Suno Packaging has adapted rotogravure to achieve exceptional print results across a wide range of products.<br \/><br \/><\/p><p data-start=\"578\" data-end=\"801\">Our printing presses produce outstanding print quality for various product packaging, including pouches, bags, roll stock films, and laminations. Products printed with rotogravure instantly convey sophistication and luxury.<\/p>\t\t\t\t\t\t\t\t<\/div>\n\t\t\t\t<\/div>\n\t\t<div class=\"elementor-element elementor-element-7e95ef5 e-con-full e-flex e-con e-child\" data-id=\"7e95ef5\" data-element_type=\"container\" data-e-type=\"container\">\n\t\t\t\t<div class=\"elementor-element elementor-element-d84760a elementor-widget elementor-widget-image\" data-id=\"d84760a\" data-element_type=\"widget\" data-e-type=\"widget\" data-widget_type=\"image.default\">\n\t\t\t\t\t\t\t\t\t\t\t\t\t\t\t<img decoding=\"async\" width=\"800\" height=\"534\" src=\"https:\/\/sunupackaging.com\/wp-content\/uploads\/2026\/04\/SUNO-Packaging-High-Resolution-Image-of-BROS-TFIEX-2000-TITAN-Flexographic-Press-with-Blue-and-White-Design-1-1024x683.png\" class=\"attachment-large size-large wp-image-1601\" alt=\"\" srcset=\"https:\/\/sunupackaging.com\/wp-content\/uploads\/2026\/04\/SUNO-Packaging-High-Resolution-Image-of-BROS-TFIEX-2000-TITAN-Flexographic-Press-with-Blue-and-White-Design-1-1024x683.png 1024w, https:\/\/sunupackaging.com\/wp-content\/uploads\/2026\/04\/SUNO-Packaging-High-Resolution-Image-of-BROS-TFIEX-2000-TITAN-Flexographic-Press-with-Blue-and-White-Design-1-300x200.png 300w, https:\/\/sunupackaging.com\/wp-content\/uploads\/2026\/04\/SUNO-Packaging-High-Resolution-Image-of-BROS-TFIEX-2000-TITAN-Flexographic-Press-with-Blue-and-White-Design-1-768x512.png 768w, https:\/\/sunupackaging.com\/wp-content\/uploads\/2026\/04\/SUNO-Packaging-High-Resolution-Image-of-BROS-TFIEX-2000-TITAN-Flexographic-Press-with-Blue-and-White-Design-1-18x12.png 18w, https:\/\/sunupackaging.com\/wp-content\/uploads\/2026\/04\/SUNO-Packaging-High-Resolution-Image-of-BROS-TFIEX-2000-TITAN-Flexographic-Press-with-Blue-and-White-Design-1.png 1536w\" sizes=\"(max-width: 800px) 100vw, 800px\" \/>\t\t\t\t\t\t\t\t\t\t\t\t\t\t\t<\/div>\n\t\t\t\t<\/div>\n\t\t\t\t\t<\/div>\n\t\t\t\t<\/div>\n\t\t<div class=\"elementor-element elementor-element-e3315a8 e-flex e-con-boxed e-con e-parent\" data-id=\"e3315a8\" data-element_type=\"container\" data-e-type=\"container\">\n\t\t\t\t\t<div class=\"e-con-inner\">\n\t\t<div class=\"elementor-element elementor-element-7b91563 e-con-full e-flex e-con e-child\" data-id=\"7b91563\" data-element_type=\"container\" data-e-type=\"container\">\n\t\t\t\t<div class=\"elementor-element elementor-element-74a78e3 elementor-widget elementor-widget-image\" data-id=\"74a78e3\" data-element_type=\"widget\" data-e-type=\"widget\" data-widget_type=\"image.default\">\n\t\t\t\t\t\t\t\t\t\t\t\t\t\t\t<img decoding=\"async\" width=\"800\" height=\"534\" src=\"https:\/\/sunupackaging.com\/wp-content\/uploads\/2026\/04\/SUNO-Packaging-FLEXA-3000-BROS-High-Performance-Flexographic-Printing-Press-in-Blue-and-White-Design-1024x683.png\" class=\"attachment-large size-large wp-image-1602\" alt=\"\" srcset=\"https:\/\/sunupackaging.com\/wp-content\/uploads\/2026\/04\/SUNO-Packaging-FLEXA-3000-BROS-High-Performance-Flexographic-Printing-Press-in-Blue-and-White-Design-1024x683.png 1024w, https:\/\/sunupackaging.com\/wp-content\/uploads\/2026\/04\/SUNO-Packaging-FLEXA-3000-BROS-High-Performance-Flexographic-Printing-Press-in-Blue-and-White-Design-300x200.png 300w, https:\/\/sunupackaging.com\/wp-content\/uploads\/2026\/04\/SUNO-Packaging-FLEXA-3000-BROS-High-Performance-Flexographic-Printing-Press-in-Blue-and-White-Design-768x512.png 768w, https:\/\/sunupackaging.com\/wp-content\/uploads\/2026\/04\/SUNO-Packaging-FLEXA-3000-BROS-High-Performance-Flexographic-Printing-Press-in-Blue-and-White-Design-18x12.png 18w, https:\/\/sunupackaging.com\/wp-content\/uploads\/2026\/04\/SUNO-Packaging-FLEXA-3000-BROS-High-Performance-Flexographic-Printing-Press-in-Blue-and-White-Design.png 1536w\" sizes=\"(max-width: 800px) 100vw, 800px\" \/>\t\t\t\t\t\t\t\t\t\t\t\t\t\t\t<\/div>\n\t\t\t\t<\/div>\n\t\t<div class=\"elementor-element elementor-element-a3f41ad e-con-full e-flex e-con e-child\" data-id=\"a3f41ad\" data-element_type=\"container\" data-e-type=\"container\">\n\t\t\t\t<div class=\"elementor-element elementor-element-321ec00 elementor-widget elementor-widget-heading\" data-id=\"321ec00\" data-element_type=\"widget\" data-e-type=\"widget\" data-widget_type=\"heading.default\">\n\t\t\t\t\t<h4 class=\"elementor-heading-title elementor-size-default\">Flexography<\/h4>\t\t\t\t<\/div>\n\t\t\t\t<div class=\"elementor-element elementor-element-d8baa89 elementor-widget elementor-widget-text-editor\" data-id=\"d8baa89\" data-element_type=\"widget\" data-e-type=\"widget\" data-widget_type=\"text-editor.default\">\n\t\t\t\t\t\t\t\t\t<p data-start=\"94\" data-end=\"495\">Flexography is used where cost-effective packaging print is required in moderate to high volume. Flexography is adaptable to both Pantone and CMYK colors. At Suno Packaging, we use flexography to print on a variety of packaging materials in high definition. We employ automated plate mounting to ensure precision and reproducibility, overcoming the challenges associated with manually mounted plates.<br \/><br \/><\/p><p data-start=\"497\" data-end=\"643\">Our innovative approach maximizes the potential of flexography printing technology, providing you with high-quality prints at an affordable price.<\/p>\t\t\t\t\t\t\t\t<\/div>\n\t\t\t\t<\/div>\n\t\t\t\t\t<\/div>\n\t\t\t\t<\/div>\n\t\t<div class=\"elementor-element elementor-element-1a5c53f e-flex e-con-boxed e-con e-parent\" data-id=\"1a5c53f\" data-element_type=\"container\" data-e-type=\"container\">\n\t\t\t\t\t<div class=\"e-con-inner\">\n\t\t<div class=\"elementor-element elementor-element-b2c3aa6 e-con-full e-flex e-con e-child\" data-id=\"b2c3aa6\" data-element_type=\"container\" data-e-type=\"container\">\n\t\t\t\t<div class=\"elementor-element elementor-element-8c97cde elementor-widget elementor-widget-heading\" data-id=\"8c97cde\" data-element_type=\"widget\" data-e-type=\"widget\" data-widget_type=\"heading.default\">\n\t\t\t\t\t<h4 class=\"elementor-heading-title elementor-size-default\">Digital<\/h4>\t\t\t\t<\/div>\n\t\t\t\t<div class=\"elementor-element elementor-element-30003b3 elementor-widget elementor-widget-text-editor\" data-id=\"30003b3\" data-element_type=\"widget\" data-e-type=\"widget\" data-widget_type=\"text-editor.default\">\n\t\t\t\t\t\t\t\t\t<p data-start=\"91\" data-end=\"415\">Where low to moderate volume high definition print jobs are needed, digital printing provides the ideal solution. At Suno Packaging, we offer digitally printed flexible packaging in high definition. For short runs, digital printing offers fast printing solutions to meet timely packaging needs without compromising quality.<\/p><p data-start=\"417\" data-end=\"539\">With our digital printing press, you can benefit from high-quality packaging prints with lower minimum order requirements.<br \/><br \/><\/p><p data-start=\"541\" data-end=\"732\">Thanks to our innovations and technical expertise in all three methods, we guarantee high quality regardless of the method you choose. It, therefore, comes down to your specific requirements.<\/p>\t\t\t\t\t\t\t\t<\/div>\n\t\t\t\t<\/div>\n\t\t<div class=\"elementor-element elementor-element-445513b e-con-full e-flex e-con e-child\" data-id=\"445513b\" data-element_type=\"container\" data-e-type=\"container\">\n\t\t\t\t<div class=\"elementor-element elementor-element-7a6147c elementor-widget elementor-widget-image\" data-id=\"7a6147c\" data-element_type=\"widget\" data-e-type=\"widget\" data-widget_type=\"image.default\">\n\t\t\t\t\t\t\t\t\t\t\t\t\t\t\t<img loading=\"lazy\" decoding=\"async\" width=\"800\" height=\"534\" src=\"https:\/\/sunupackaging.com\/wp-content\/uploads\/2026\/04\/SUNO-Packaging-B\u00b7BROSJET-4000-High-Performance-Digital-Printer-in-Blue-and-White-Design-1-1024x683.png\" class=\"attachment-large size-large wp-image-1603\" alt=\"\" srcset=\"https:\/\/sunupackaging.com\/wp-content\/uploads\/2026\/04\/SUNO-Packaging-B\u00b7BROSJET-4000-High-Performance-Digital-Printer-in-Blue-and-White-Design-1-1024x683.png 1024w, https:\/\/sunupackaging.com\/wp-content\/uploads\/2026\/04\/SUNO-Packaging-B\u00b7BROSJET-4000-High-Performance-Digital-Printer-in-Blue-and-White-Design-1-300x200.png 300w, https:\/\/sunupackaging.com\/wp-content\/uploads\/2026\/04\/SUNO-Packaging-B\u00b7BROSJET-4000-High-Performance-Digital-Printer-in-Blue-and-White-Design-1-768x512.png 768w, https:\/\/sunupackaging.com\/wp-content\/uploads\/2026\/04\/SUNO-Packaging-B\u00b7BROSJET-4000-High-Performance-Digital-Printer-in-Blue-and-White-Design-1-18x12.png 18w, https:\/\/sunupackaging.com\/wp-content\/uploads\/2026\/04\/SUNO-Packaging-B\u00b7BROSJET-4000-High-Performance-Digital-Printer-in-Blue-and-White-Design-1.png 1536w\" sizes=\"(max-width: 800px) 100vw, 800px\" \/>\t\t\t\t\t\t\t\t\t\t\t\t\t\t\t<\/div>\n\t\t\t\t<\/div>\n\t\t\t\t\t<\/div>\n\t\t\t\t<\/div>\n\t\t<div class=\"elementor-element elementor-element-33950db e-flex e-con-boxed e-con e-parent\" data-id=\"33950db\" data-element_type=\"container\" data-e-type=\"container\">\n\t\t\t\t\t<div class=\"e-con-inner\">\n\t\t\t\t<div class=\"elementor-element elementor-element-eb28f3e elementor-widget elementor-widget-template\" data-id=\"eb28f3e\" data-element_type=\"widget\" data-e-type=\"widget\" data-widget_type=\"template.default\">\n\t\t\t\t<div class=\"elementor-widget-container\">\n\t\t\t\t\t\t\t<div class=\"elementor-template\">\n\t\t\t\t\t<div data-elementor-type=\"container\" data-elementor-id=\"666\" class=\"elementor elementor-666\" data-elementor-post-type=\"elementor_library\">\n\t\t\t\t<div class=\"elementor-element elementor-element-5a1ff2ba e-flex e-con-boxed e-con e-parent\" data-id=\"5a1ff2ba\" data-element_type=\"container\" data-e-type=\"container\">\n\t\t\t\t\t<div class=\"e-con-inner\">\n\t\t<div class=\"elementor-element elementor-element-38ef4780 e-con-full e-flex e-con e-child\" data-id=\"38ef4780\" data-element_type=\"container\" data-e-type=\"container\" data-settings=\"{&quot;background_background&quot;:&quot;classic&quot;}\">\n\t\t\t\t<div class=\"elementor-element elementor-element-36fc770d elementor-widget elementor-widget-heading\" data-id=\"36fc770d\" data-element_type=\"widget\" data-e-type=\"widget\" data-widget_type=\"heading.default\">\n\t\t\t\t\t<h2 class=\"elementor-heading-title elementor-size-default\">Pour plus d'informations,\nveuillez nous contacter<\/h2>\t\t\t\t<\/div>\n\t\t\t\t<div class=\"elementor-element elementor-element-75de4ca1 elementor-widget__width-initial elementor-widget-tablet__width-inherit elementor-widget elementor-widget-text-editor\" data-id=\"75de4ca1\" data-element_type=\"widget\" data-e-type=\"widget\" data-widget_type=\"text-editor.default\">\n\t\t\t\t\t\t\t\t\t<p>Notre personnel peut aider \u00e0 d\u00e9velopper les besoins du client, y compris les performances de la machine. l'\u00e9conomie et la dur\u00e9e de conservation.<\/p>\t\t\t\t\t\t\t\t<\/div>\n\t\t\t\t<div class=\"elementor-element elementor-element-a13495a elementor-align-center elementor-widget elementor-widget-button\" data-id=\"a13495a\" data-element_type=\"widget\" data-e-type=\"widget\" data-widget_type=\"button.default\">\n\t\t\t\t\t\t\t\t\t\t<a class=\"elementor-button elementor-button-link elementor-size-sm\" href=\"https:\/\/sunupackaging.com\/fr\/contact-us\/\">\n\t\t\t\t\t\t<span class=\"elementor-button-content-wrapper\">\n\t\t\t\t\t\t\t\t\t<span class=\"elementor-button-text\">Nous contacter<\/span>\n\t\t\t\t\t<\/span>\n\t\t\t\t\t<\/a>\n\t\t\t\t\t\t\t\t<\/div>\n\t\t\t\t<\/div>\n\t\t\t\t\t<\/div>\n\t\t\t\t<\/div>\n\t\t\t\t<\/div>\n\t\t\t\t<\/div>\n\t\t\t\t\t\t<\/div>\n\t\t\t\t<\/div>\n\t\t\t\t\t<\/div>\n\t\t\t\t<\/div>\n\t\t\t\t<\/div>","protected":false},"excerpt":{"rendered":"<p>Packaging Printing The print job on packaging gives customers their first impression of your product. It can convey the message of sophistication, functionality, or excitement. At Suno Packaging, we offer the latest technology in rotogravure, flexography, and digital printing. With up to 12 colors capabilities using the latest color management software, we have all you [&hellip;]<\/p>\n","protected":false},"author":2,"featured_media":0,"parent":0,"menu_order":0,"comment_status":"closed","ping_status":"closed","template":"elementor_header_footer","meta":{"_acf_changed":false,"footnotes":""},"class_list":["post-1598","page","type-page","status-publish","hentry"],"acf":[],"_links":{"self":[{"href":"https:\/\/sunupackaging.com\/fr\/wp-json\/wp\/v2\/pages\/1598","targetHints":{"allow":["GET"]}}],"collection":[{"href":"https:\/\/sunupackaging.com\/fr\/wp-json\/wp\/v2\/pages"}],"about":[{"href":"https:\/\/sunupackaging.com\/fr\/wp-json\/wp\/v2\/types\/page"}],"author":[{"embeddable":true,"href":"https:\/\/sunupackaging.com\/fr\/wp-json\/wp\/v2\/users\/2"}],"replies":[{"embeddable":true,"href":"https:\/\/sunupackaging.com\/fr\/wp-json\/wp\/v2\/comments?post=1598"}],"version-history":[{"count":4,"href":"https:\/\/sunupackaging.com\/fr\/wp-json\/wp\/v2\/pages\/1598\/revisions"}],"predecessor-version":[{"id":1607,"href":"https:\/\/sunupackaging.com\/fr\/wp-json\/wp\/v2\/pages\/1598\/revisions\/1607"}],"wp:attachment":[{"href":"https:\/\/sunupackaging.com\/fr\/wp-json\/wp\/v2\/media?parent=1598"}],"curies":[{"name":"wp","href":"https:\/\/api.w.org\/{rel}","templated":true}]}}