{"id":1586,"date":"2026-04-12T12:51:51","date_gmt":"2026-04-12T12:51:51","guid":{"rendered":"https:\/\/sunupackaging.com\/?page_id=1586"},"modified":"2026-04-13T04:46:28","modified_gmt":"2026-04-13T04:46:28","slug":"creative-design-solutions","status":"publish","type":"page","link":"https:\/\/sunupackaging.com\/fr\/creative-design-solutions\/","title":{"rendered":"Creative Design Solutions"},"content":{"rendered":"<div data-elementor-type=\"wp-page\" data-elementor-id=\"1586\" class=\"elementor elementor-1586\" data-elementor-post-type=\"page\">\n\t\t\t\t<div class=\"elementor-element elementor-element-a9544f0 e-flex e-con-boxed e-con e-parent\" data-id=\"a9544f0\" data-element_type=\"container\" data-e-type=\"container\" data-settings=\"{&quot;background_background&quot;:&quot;classic&quot;}\">\n\t\t\t\t\t<div class=\"e-con-inner\">\n\t\t\t\t\t<\/div>\n\t\t\t\t<\/div>\n\t\t<div class=\"elementor-element elementor-element-67f3d11 e-flex e-con-boxed e-con e-parent\" data-id=\"67f3d11\" data-element_type=\"container\" data-e-type=\"container\">\n\t\t\t\t\t<div class=\"e-con-inner\">\n\t\t\t\t<div class=\"elementor-element elementor-element-1d0028c elementor-widget elementor-widget-heading\" data-id=\"1d0028c\" data-element_type=\"widget\" data-e-type=\"widget\" data-widget_type=\"heading.default\">\n\t\t\t\t\t<h4 class=\"elementor-heading-title elementor-size-default\">Processus de Design Graphique pour l'Emballage<\/h4>\t\t\t\t<\/div>\n\t\t\t\t<div class=\"elementor-element elementor-element-b382f24 elementor-widget elementor-widget-text-editor\" data-id=\"b382f24\" data-element_type=\"widget\" data-e-type=\"widget\" data-widget_type=\"text-editor.default\">\n\t\t\t\t\t\t\t\t\t<p>Chez Sunu Packaging, nous reconnaissons l&#8217;importance du design pour le succ\u00e8s de votre produit. Les bons graphiques d&#8217;emballage peuvent avoir un impact significatif sur la perception des consommateurs et les ventes. Notre expertise en designs accrocheurs, couleurs vibrantes et finitions premium garantit que votre marque se distingue. L&#8217;emballage n&#8217;est pas seulement un outil fonctionnel, mais aussi une plateforme de communication cl\u00e9, refl\u00e9tant vos efforts en mati\u00e8re de durabilit\u00e9, les valeurs de votre entreprise et les d\u00e9tails de votre produit. Notre objectif est d&#8217;aider votre produit \u00e0 atteindre le parfait \u00e9quilibre entre esth\u00e9tique et transmission du message.<\/p>\t\t\t\t\t\t\t\t<\/div>\n\t\t\t\t<div class=\"elementor-element elementor-element-13804f5 elementor-widget elementor-widget-html\" data-id=\"13804f5\" data-element_type=\"widget\" data-e-type=\"widget\" data-widget_type=\"html.default\">\n\t\t\t\t\t<style>\n    \/* Main Layout Container *\/\n    .steps-container {\n        display: flex;\n        flex-wrap: wrap;\n        justify-content: center;\n        gap: 20px;\n        padding: 30px 0;\n        font-family: 'Segoe UI', Arial, sans-serif;\n    }\n\n    \/* Smaller Circle Card *\/\n    .step-card {\n        background: #ffffff;\n        width: 180px;  \/* Size chota kar diya *\/\n        height: 180px; \/* Size chota kar diya *\/\n        border-radius: 50%;\n        display: flex;\n        flex-direction: column;\n        justify-content: center;\n        align-items: center;\n        position: relative;\n        box-shadow: 0 8px 20px rgba(0,0,0,0.06);\n        transition: all 0.3s ease-in-out;\n        margin: 10px;\n    }\n\n    \/* Hover Animation *\/\n    .step-card:hover {\n        transform: translateY(-8px);\n        box-shadow: 0 12px 25px rgba(0,0,0,0.1);\n    }\n\n    \/* Smaller Badge *\/\n    .step-number {\n        position: absolute;\n        top: 10px;\n        right: 10px;\n        width: 35px; \/* Badge chota kiya *\/\n        height: 35px;\n        border-radius: 50%;\n        color: white;\n        display: flex;\n        justify-content: center;\n        align-items: center;\n        font-weight: bold;\n        font-size: 14px;\n    }\n\n    \/* Icon Resizing *\/\n    .step-icon {\n        width: 55px; \/* Icon size chota kiya *\/\n        height: auto;\n        margin-bottom: 8px;\n    }\n\n    \/* Text Resizing *\/\n    .step-label {\n        color: #333;\n        font-size: 16px; \/* Font size balance kiya *\/\n        font-weight: 700;\n        margin: 0;\n        text-align: center;\n        padding: 0 10px;\n    }\n\n    \/* Colors *\/\n    .bg-green { background-color: #9ec65d; }\n    .bg-navy { background-color: #3b507e; }\n\n    \/* Mobile Responsive *\/\n    @media (max-width: 600px) {\n        .step-card {\n            width: 150px;\n            height: 150px;\n        }\n        .step-label { font-size: 14px; }\n    }\n<\/style>\n\n<div class=\"steps-container\">\n    <div class=\"step-card\">\n        <div class=\"step-number bg-green\">1<\/div>\n        <img decoding=\"async\" src=\"https:\/\/img.icons8.com\/color\/96\/idea.png\" class=\"step-icon\">\n        <h3 class=\"step-label\">Submission<\/h3>\n    <\/div>\n\n    <div class=\"step-card\">\n        <div class=\"step-number bg-navy\">2<\/div>\n        <img decoding=\"async\" src=\"https:\/\/img.icons8.com\/color\/96\/test-passed.png\" class=\"step-icon\">\n        <h3 class=\"step-label\">Assessment<\/h3>\n    <\/div>\n\n    <div class=\"step-card\">\n        <div class=\"step-number bg-navy\">3<\/div>\n        <img decoding=\"async\" src=\"https:\/\/img.icons8.com\/color\/96\/stack.png\" class=\"step-icon\">\n        <h3 class=\"step-label\">Creation<\/h3>\n    <\/div>\n\n    <div class=\"step-card\">\n        <div class=\"step-number bg-navy\">4<\/div>\n        <img decoding=\"async\" src=\"https:\/\/img.icons8.com\/fluency\/96\/opened-folder.png\" class=\"step-icon\">\n        <h3 class=\"step-label\">Ready, set, go<\/h3>\n    <\/div>\n<\/div>\t\t\t\t<\/div>\n\t\t\t\t\t<\/div>\n\t\t\t\t<\/div>\n\t\t<div class=\"elementor-element elementor-element-30e0f0b e-flex e-con-boxed e-con e-parent\" data-id=\"30e0f0b\" data-element_type=\"container\" data-e-type=\"container\" data-settings=\"{&quot;background_background&quot;:&quot;classic&quot;}\">\n\t\t\t\t\t<div class=\"e-con-inner\">\n\t\t<div class=\"elementor-element elementor-element-267f139 e-con-full e-flex e-con e-child\" data-id=\"267f139\" data-element_type=\"container\" data-e-type=\"container\">\n\t\t\t\t<div class=\"elementor-element elementor-element-d03db87 elementor-widget elementor-widget-image\" data-id=\"d03db87\" data-element_type=\"widget\" data-e-type=\"widget\" data-widget_type=\"image.default\">\n\t\t\t\t\t\t\t\t\t\t\t\t\t\t\t<img fetchpriority=\"high\" decoding=\"async\" width=\"768\" height=\"512\" src=\"https:\/\/sunupackaging.com\/wp-content\/uploads\/2026\/04\/Vector-Illustration-of-Graphic-Design-Tools-on-Computer-with-EPS-JPG-and-PNG-File-Icons-1-1-768x512.png\" class=\"attachment-medium_large size-medium_large wp-image-1591\" alt=\"\" srcset=\"https:\/\/sunupackaging.com\/wp-content\/uploads\/2026\/04\/Vector-Illustration-of-Graphic-Design-Tools-on-Computer-with-EPS-JPG-and-PNG-File-Icons-1-1-768x512.png 768w, https:\/\/sunupackaging.com\/wp-content\/uploads\/2026\/04\/Vector-Illustration-of-Graphic-Design-Tools-on-Computer-with-EPS-JPG-and-PNG-File-Icons-1-1-300x200.png 300w, https:\/\/sunupackaging.com\/wp-content\/uploads\/2026\/04\/Vector-Illustration-of-Graphic-Design-Tools-on-Computer-with-EPS-JPG-and-PNG-File-Icons-1-1-1024x683.png 1024w, https:\/\/sunupackaging.com\/wp-content\/uploads\/2026\/04\/Vector-Illustration-of-Graphic-Design-Tools-on-Computer-with-EPS-JPG-and-PNG-File-Icons-1-1-18x12.png 18w, https:\/\/sunupackaging.com\/wp-content\/uploads\/2026\/04\/Vector-Illustration-of-Graphic-Design-Tools-on-Computer-with-EPS-JPG-and-PNG-File-Icons-1-1.png 1536w\" sizes=\"(max-width: 768px) 100vw, 768px\" \/>\t\t\t\t\t\t\t\t\t\t\t\t\t\t\t<\/div>\n\t\t\t\t<\/div>\n\t\t<div class=\"elementor-element elementor-element-ffc5765 e-con-full e-flex e-con e-child\" data-id=\"ffc5765\" data-element_type=\"container\" data-e-type=\"container\">\n\t\t\t\t<div class=\"elementor-element elementor-element-f37bba4 elementor-widget elementor-widget-heading\" data-id=\"f37bba4\" data-element_type=\"widget\" data-e-type=\"widget\" data-widget_type=\"heading.default\">\n\t\t\t\t\t<h4 class=\"elementor-heading-title elementor-size-default\">Processus de Soumission<\/h4>\t\t\t\t<\/div>\n\t\t\t\t<div class=\"elementor-element elementor-element-70e0972 elementor-widget elementor-widget-text-editor\" data-id=\"70e0972\" data-element_type=\"widget\" data-e-type=\"widget\" data-widget_type=\"text-editor.default\">\n\t\t\t\t\t\t\t\t\t<p data-start=\"820\" data-end=\"1220\">Soumettez vos mod\u00e8les pr\u00eats \u00e0 l&#8217;impression dans des formats modifiables, accompagn\u00e9s d&#8217;instructions de r\u00e9vision d\u00e9taill\u00e9es pour notre \u00e9quipe. Nos experts utiliseront ces informations pour effectuer les ajustements n\u00e9cessaires et livrer des r\u00e9sultats de haute qualit\u00e9. Nous nous assurons que chaque d\u00e9tail soit conforme \u00e0 votre vision, afin de faire avancer votre projet de mani\u00e8re fluide et efficace.<\/p>\t\t\t\t\t\t\t\t<\/div>\n\t\t\t\t<\/div>\n\t\t\t\t\t<\/div>\n\t\t\t\t<\/div>\n\t\t<div class=\"elementor-element elementor-element-33950db e-con-full e-flex e-con e-parent\" data-id=\"33950db\" data-element_type=\"container\" data-e-type=\"container\" data-settings=\"{&quot;background_background&quot;:&quot;classic&quot;}\">\n\t\t<div class=\"elementor-element elementor-element-c9acabd e-con-full e-flex e-con e-child\" data-id=\"c9acabd\" data-element_type=\"container\" data-e-type=\"container\" data-settings=\"{&quot;background_background&quot;:&quot;classic&quot;}\">\n\t\t<div class=\"elementor-element elementor-element-8687e12 e-con-full e-flex e-con e-child\" data-id=\"8687e12\" data-element_type=\"container\" data-e-type=\"container\">\n\t\t\t\t<div class=\"elementor-element elementor-element-0ad1f8f elementor-widget elementor-widget-heading\" data-id=\"0ad1f8f\" data-element_type=\"widget\" data-e-type=\"widget\" data-widget_type=\"heading.default\">\n\t\t\t\t\t<h4 class=\"elementor-heading-title elementor-size-default\">Processus d'\u00c9valuation<\/h4>\t\t\t\t<\/div>\n\t\t\t\t<div class=\"elementor-element elementor-element-fdacbb1 elementor-widget elementor-widget-text-editor\" data-id=\"fdacbb1\" data-element_type=\"widget\" data-e-type=\"widget\" data-widget_type=\"text-editor.default\">\n\t\t\t\t\t\t\t\t\t<p data-start=\"1260\" data-end=\"1606\">Nos designers \u00e9valuent minutieusement chaque aspect de votre projet pour garantir pr\u00e9cision et exactitude. Nous v\u00e9rifions toute incoh\u00e9rence dans le design, la mise en page, les couleurs et l&#8217;alignement. Si des incoh\u00e9rences sont trouv\u00e9es, nous vous en informerons rapidement, vous donnant ainsi l&#8217;opportunit\u00e9 de les corriger avant la finalisation.<br \/><br \/><\/p><p data-start=\"1608\" data-end=\"1755\">Notre objectif est de livrer un design impeccable qui r\u00e9pond \u00e0 votre vision et am\u00e9liore la pr\u00e9sentation de votre marque sur toutes les plateformes.<\/p>\t\t\t\t\t\t\t\t<\/div>\n\t\t\t\t<\/div>\n\t\t<div class=\"elementor-element elementor-element-e3a7646 e-con-full e-flex e-con e-child\" data-id=\"e3a7646\" data-element_type=\"container\" data-e-type=\"container\">\n\t\t\t\t<div class=\"elementor-element elementor-element-f783a9c elementor-widget elementor-widget-image\" data-id=\"f783a9c\" data-element_type=\"widget\" data-e-type=\"widget\" data-widget_type=\"image.default\">\n\t\t\t\t\t\t\t\t\t\t\t\t\t\t\t<img decoding=\"async\" width=\"768\" height=\"512\" src=\"https:\/\/sunupackaging.com\/wp-content\/uploads\/2026\/04\/Creative-Workspace-with-Laptop-Color-Swatches-Camera-and-Design-Tools-Top-View-Illustration-768x512.png\" class=\"attachment-medium_large size-medium_large wp-image-1590\" alt=\"\" srcset=\"https:\/\/sunupackaging.com\/wp-content\/uploads\/2026\/04\/Creative-Workspace-with-Laptop-Color-Swatches-Camera-and-Design-Tools-Top-View-Illustration-768x512.png 768w, https:\/\/sunupackaging.com\/wp-content\/uploads\/2026\/04\/Creative-Workspace-with-Laptop-Color-Swatches-Camera-and-Design-Tools-Top-View-Illustration-300x200.png 300w, https:\/\/sunupackaging.com\/wp-content\/uploads\/2026\/04\/Creative-Workspace-with-Laptop-Color-Swatches-Camera-and-Design-Tools-Top-View-Illustration-1024x683.png 1024w, https:\/\/sunupackaging.com\/wp-content\/uploads\/2026\/04\/Creative-Workspace-with-Laptop-Color-Swatches-Camera-and-Design-Tools-Top-View-Illustration-18x12.png 18w, https:\/\/sunupackaging.com\/wp-content\/uploads\/2026\/04\/Creative-Workspace-with-Laptop-Color-Swatches-Camera-and-Design-Tools-Top-View-Illustration.png 1536w\" sizes=\"(max-width: 768px) 100vw, 768px\" \/>\t\t\t\t\t\t\t\t\t\t\t\t\t\t\t<\/div>\n\t\t\t\t<\/div>\n\t\t\t\t<\/div>\n\t\t\t\t<\/div>\n\t\t<div class=\"elementor-element elementor-element-d842b34 e-flex e-con-boxed e-con e-parent\" data-id=\"d842b34\" data-element_type=\"container\" data-e-type=\"container\" data-settings=\"{&quot;background_background&quot;:&quot;classic&quot;}\">\n\t\t\t\t\t<div class=\"e-con-inner\">\n\t\t<div class=\"elementor-element elementor-element-55909ab e-con-full e-flex e-con e-child\" data-id=\"55909ab\" data-element_type=\"container\" data-e-type=\"container\">\n\t\t\t\t<div class=\"elementor-element elementor-element-5cb845b elementor-widget elementor-widget-image\" data-id=\"5cb845b\" data-element_type=\"widget\" data-e-type=\"widget\" data-widget_type=\"image.default\">\n\t\t\t\t\t\t\t\t\t\t\t\t\t\t\t<img decoding=\"async\" width=\"768\" height=\"512\" src=\"https:\/\/sunupackaging.com\/wp-content\/uploads\/2026\/04\/Young-Graphic-Designer-with-Adobe-Software-Icons-at-a-Modern-Desk-Flat-Style-Illustration-Suno-Packaging-768x512.png\" class=\"attachment-medium_large size-medium_large wp-image-1592\" alt=\"\" srcset=\"https:\/\/sunupackaging.com\/wp-content\/uploads\/2026\/04\/Young-Graphic-Designer-with-Adobe-Software-Icons-at-a-Modern-Desk-Flat-Style-Illustration-Suno-Packaging-768x512.png 768w, https:\/\/sunupackaging.com\/wp-content\/uploads\/2026\/04\/Young-Graphic-Designer-with-Adobe-Software-Icons-at-a-Modern-Desk-Flat-Style-Illustration-Suno-Packaging-300x200.png 300w, https:\/\/sunupackaging.com\/wp-content\/uploads\/2026\/04\/Young-Graphic-Designer-with-Adobe-Software-Icons-at-a-Modern-Desk-Flat-Style-Illustration-Suno-Packaging-1024x683.png 1024w, https:\/\/sunupackaging.com\/wp-content\/uploads\/2026\/04\/Young-Graphic-Designer-with-Adobe-Software-Icons-at-a-Modern-Desk-Flat-Style-Illustration-Suno-Packaging-18x12.png 18w, https:\/\/sunupackaging.com\/wp-content\/uploads\/2026\/04\/Young-Graphic-Designer-with-Adobe-Software-Icons-at-a-Modern-Desk-Flat-Style-Illustration-Suno-Packaging.png 1536w\" sizes=\"(max-width: 768px) 100vw, 768px\" \/>\t\t\t\t\t\t\t\t\t\t\t\t\t\t\t<\/div>\n\t\t\t\t<\/div>\n\t\t<div class=\"elementor-element elementor-element-b87bdd9 e-con-full e-flex e-con e-child\" data-id=\"b87bdd9\" data-element_type=\"container\" data-e-type=\"container\">\n\t\t\t\t<div class=\"elementor-element elementor-element-0e55bb9 elementor-widget elementor-widget-heading\" data-id=\"0e55bb9\" data-element_type=\"widget\" data-e-type=\"widget\" data-widget_type=\"heading.default\">\n\t\t\t\t\t<h4 class=\"elementor-heading-title elementor-size-default\">Processus de Cr\u00e9ation<\/h4>\t\t\t\t<\/div>\n\t\t\t\t<div class=\"elementor-element elementor-element-1557a77 elementor-widget elementor-widget-text-editor\" data-id=\"1557a77\" data-element_type=\"widget\" data-e-type=\"widget\" data-widget_type=\"text-editor.default\">\n\t\t\t\t\t\t\t\t\t<p data-start=\"1794\" data-end=\"2281\">Une fois votre design finalis\u00e9, nous pr\u00e9parons les fichiers pour l&#8217;impression, en nous assurant qu&#8217;ils respectent toutes les sp\u00e9cifications techniques. Nous fournissons une \u00e9preuve au format PDF, JPG ou papier pour votre examen. Cette \u00e9preuve n\u00e9cessite votre approbation finale avant que nous proc\u00e9dions au processus d&#8217;impression. Notre objectif est de garantir que tout soit parfaitement align\u00e9 avec votre vision et que la qualit\u00e9 r\u00e9ponde \u00e0 vos attentes avant le d\u00e9but de la production.<\/p>\t\t\t\t\t\t\t\t<\/div>\n\t\t\t\t<\/div>\n\t\t\t\t\t<\/div>\n\t\t\t\t<\/div>\n\t\t<div class=\"elementor-element elementor-element-a1943a6 e-con-full e-flex e-con e-parent\" data-id=\"a1943a6\" data-element_type=\"container\" data-e-type=\"container\" data-settings=\"{&quot;background_background&quot;:&quot;classic&quot;}\">\n\t\t<div class=\"elementor-element elementor-element-b4c1bdd e-con-full e-flex e-con e-child\" data-id=\"b4c1bdd\" data-element_type=\"container\" data-e-type=\"container\" data-settings=\"{&quot;background_background&quot;:&quot;classic&quot;}\">\n\t\t<div class=\"elementor-element elementor-element-eec2393 e-con-full e-flex e-con e-child\" data-id=\"eec2393\" data-element_type=\"container\" data-e-type=\"container\">\n\t\t\t\t<div class=\"elementor-element elementor-element-1ba55e4 elementor-widget elementor-widget-heading\" data-id=\"1ba55e4\" data-element_type=\"widget\" data-e-type=\"widget\" data-widget_type=\"heading.default\">\n\t\t\t\t\t<h4 class=\"elementor-heading-title elementor-size-default\">Pr\u00eat, parti, partez !<\/h4>\t\t\t\t<\/div>\n\t\t\t\t<div class=\"elementor-element elementor-element-301e8c0 elementor-widget elementor-widget-text-editor\" data-id=\"301e8c0\" data-element_type=\"widget\" data-e-type=\"widget\" data-widget_type=\"text-editor.default\">\n\t\t\t\t\t\t\t\t\t<p data-start=\"2320\" data-end=\"2793\">Les plaques sont maintenant soigneusement grav\u00e9es, marquant le d\u00e9but des pr\u00e9parations finales pour le processus d&#8217;impression. \u00c0 ce stade, nous nous assurons que chaque d\u00e9tail soit parfaitement captur\u00e9 et align\u00e9 avec le design. Cette \u00e9tape est cruciale pour garantir une impression de haute qualit\u00e9, chaque plaque \u00e9tant con\u00e7ue pour livrer des images pr\u00e9cises et vibrantes. Une fois les plaques pr\u00eates, nous sommes pr\u00eats \u00e0 proc\u00e9der \u00e0 l&#8217;impression, donnant vie \u00e0 votre design.<br \/><br \/><\/p><p data-start=\"2795\" data-end=\"2942\">Notre objectif est de livrer un design impeccable qui r\u00e9pond \u00e0 votre vision et am\u00e9liore la pr\u00e9sentation de votre marque sur toutes les plateformes.<\/p>\t\t\t\t\t\t\t\t<\/div>\n\t\t\t\t<\/div>\n\t\t<div class=\"elementor-element elementor-element-6cbd99c e-con-full e-flex e-con e-child\" data-id=\"6cbd99c\" data-element_type=\"container\" data-e-type=\"container\">\n\t\t\t\t<div class=\"elementor-element elementor-element-124f6ba elementor-widget elementor-widget-image\" data-id=\"124f6ba\" data-element_type=\"widget\" data-e-type=\"widget\" data-widget_type=\"image.default\">\n\t\t\t\t\t\t\t\t\t\t\t\t\t\t\t<img loading=\"lazy\" decoding=\"async\" width=\"768\" height=\"512\" src=\"https:\/\/sunupackaging.com\/wp-content\/uploads\/2026\/04\/Flat-2D-Illustration-of-Offset-Printing-Facility-with-Workers-and-Printing-Machines-768x512.png\" class=\"attachment-medium_large size-medium_large wp-image-1593\" alt=\"\" srcset=\"https:\/\/sunupackaging.com\/wp-content\/uploads\/2026\/04\/Flat-2D-Illustration-of-Offset-Printing-Facility-with-Workers-and-Printing-Machines-768x512.png 768w, https:\/\/sunupackaging.com\/wp-content\/uploads\/2026\/04\/Flat-2D-Illustration-of-Offset-Printing-Facility-with-Workers-and-Printing-Machines-300x200.png 300w, https:\/\/sunupackaging.com\/wp-content\/uploads\/2026\/04\/Flat-2D-Illustration-of-Offset-Printing-Facility-with-Workers-and-Printing-Machines-1024x683.png 1024w, https:\/\/sunupackaging.com\/wp-content\/uploads\/2026\/04\/Flat-2D-Illustration-of-Offset-Printing-Facility-with-Workers-and-Printing-Machines-18x12.png 18w, https:\/\/sunupackaging.com\/wp-content\/uploads\/2026\/04\/Flat-2D-Illustration-of-Offset-Printing-Facility-with-Workers-and-Printing-Machines.png 1536w\" sizes=\"(max-width: 768px) 100vw, 768px\" \/>\t\t\t\t\t\t\t\t\t\t\t\t\t\t\t<\/div>\n\t\t\t\t<\/div>\n\t\t\t\t<\/div>\n\t\t\t\t<\/div>\n\t\t<div class=\"elementor-element elementor-element-200bec4 e-flex e-con-boxed e-con e-parent\" data-id=\"200bec4\" data-element_type=\"container\" data-e-type=\"container\">\n\t\t\t\t\t<div class=\"e-con-inner\">\n\t\t\t\t<div class=\"elementor-element elementor-element-eb28f3e elementor-widget elementor-widget-template\" data-id=\"eb28f3e\" data-element_type=\"widget\" data-e-type=\"widget\" data-widget_type=\"template.default\">\n\t\t\t\t<div class=\"elementor-widget-container\">\n\t\t\t\t\t\t\t<div class=\"elementor-template\">\n\t\t\t\t\t<div data-elementor-type=\"container\" data-elementor-id=\"666\" class=\"elementor elementor-666\" data-elementor-post-type=\"elementor_library\">\n\t\t\t\t<div class=\"elementor-element elementor-element-5a1ff2ba e-flex e-con-boxed e-con e-parent\" data-id=\"5a1ff2ba\" data-element_type=\"container\" data-e-type=\"container\">\n\t\t\t\t\t<div class=\"e-con-inner\">\n\t\t<div class=\"elementor-element elementor-element-38ef4780 e-con-full e-flex e-con e-child\" data-id=\"38ef4780\" data-element_type=\"container\" data-e-type=\"container\" data-settings=\"{&quot;background_background&quot;:&quot;classic&quot;}\">\n\t\t\t\t<div class=\"elementor-element elementor-element-36fc770d elementor-widget elementor-widget-heading\" data-id=\"36fc770d\" data-element_type=\"widget\" data-e-type=\"widget\" data-widget_type=\"heading.default\">\n\t\t\t\t\t<h2 class=\"elementor-heading-title elementor-size-default\">Pour plus d'informations,\nveuillez nous contacter<\/h2>\t\t\t\t<\/div>\n\t\t\t\t<div class=\"elementor-element elementor-element-75de4ca1 elementor-widget__width-initial elementor-widget-tablet__width-inherit elementor-widget elementor-widget-text-editor\" data-id=\"75de4ca1\" data-element_type=\"widget\" data-e-type=\"widget\" data-widget_type=\"text-editor.default\">\n\t\t\t\t\t\t\t\t\t<p>Notre personnel peut aider \u00e0 d\u00e9velopper les besoins du client, y compris les performances de la machine. l'\u00e9conomie et la dur\u00e9e de conservation.<\/p>\t\t\t\t\t\t\t\t<\/div>\n\t\t\t\t<div class=\"elementor-element elementor-element-a13495a elementor-align-center elementor-widget elementor-widget-button\" data-id=\"a13495a\" data-element_type=\"widget\" data-e-type=\"widget\" data-widget_type=\"button.default\">\n\t\t\t\t\t\t\t\t\t\t<a class=\"elementor-button elementor-button-link elementor-size-sm\" href=\"https:\/\/sunupackaging.com\/fr\/contact-us\/\">\n\t\t\t\t\t\t<span class=\"elementor-button-content-wrapper\">\n\t\t\t\t\t\t\t\t\t<span class=\"elementor-button-text\">Nous contacter<\/span>\n\t\t\t\t\t<\/span>\n\t\t\t\t\t<\/a>\n\t\t\t\t\t\t\t\t<\/div>\n\t\t\t\t<\/div>\n\t\t\t\t\t<\/div>\n\t\t\t\t<\/div>\n\t\t\t\t<\/div>\n\t\t\t\t<\/div>\n\t\t\t\t\t\t<\/div>\n\t\t\t\t<\/div>\n\t\t\t\t\t<\/div>\n\t\t\t\t<\/div>\n\t\t\t\t<\/div>","protected":false},"excerpt":{"rendered":"<p>Processus de Design Graphique pour l&#8217;Emballage Chez Sunu Packaging, nous reconnaissons l&#8217;importance du design pour le succ\u00e8s de votre produit. Les bons graphiques d&#8217;emballage peuvent avoir un impact significatif sur la perception des consommateurs et les ventes. Notre expertise en designs accrocheurs, couleurs vibrantes et finitions premium garantit que votre marque se distingue. L&#8217;emballage n&#8217;est [&hellip;]<\/p>\n","protected":false},"author":2,"featured_media":0,"parent":0,"menu_order":0,"comment_status":"closed","ping_status":"closed","template":"elementor_header_footer","meta":{"_acf_changed":false,"footnotes":""},"class_list":["post-1586","page","type-page","status-publish","hentry"],"acf":[],"_links":{"self":[{"href":"https:\/\/sunupackaging.com\/fr\/wp-json\/wp\/v2\/pages\/1586","targetHints":{"allow":["GET"]}}],"collection":[{"href":"https:\/\/sunupackaging.com\/fr\/wp-json\/wp\/v2\/pages"}],"about":[{"href":"https:\/\/sunupackaging.com\/fr\/wp-json\/wp\/v2\/types\/page"}],"author":[{"embeddable":true,"href":"https:\/\/sunupackaging.com\/fr\/wp-json\/wp\/v2\/users\/2"}],"replies":[{"embeddable":true,"href":"https:\/\/sunupackaging.com\/fr\/wp-json\/wp\/v2\/comments?post=1586"}],"version-history":[{"count":7,"href":"https:\/\/sunupackaging.com\/fr\/wp-json\/wp\/v2\/pages\/1586\/revisions"}],"predecessor-version":[{"id":1673,"href":"https:\/\/sunupackaging.com\/fr\/wp-json\/wp\/v2\/pages\/1586\/revisions\/1673"}],"wp:attachment":[{"href":"https:\/\/sunupackaging.com\/fr\/wp-json\/wp\/v2\/media?parent=1586"}],"curies":[{"name":"wp","href":"https:\/\/api.w.org\/{rel}","templated":true}]}}