{"id":1562,"date":"2026-04-12T08:18:36","date_gmt":"2026-04-12T08:18:36","guid":{"rendered":"https:\/\/sunupackaging.com\/?page_id=1562"},"modified":"2026-04-12T08:22:51","modified_gmt":"2026-04-12T08:22:51","slug":"food-trays-liddings","status":"publish","type":"page","link":"https:\/\/sunupackaging.com\/fr\/food-trays-liddings\/","title":{"rendered":"Food Trays &#038; Liddings"},"content":{"rendered":"<div data-elementor-type=\"wp-page\" data-elementor-id=\"1562\" class=\"elementor elementor-1562\" data-elementor-post-type=\"page\">\n\t\t\t\t<div class=\"elementor-element elementor-element-d343b19 e-flex e-con-boxed e-con e-parent\" data-id=\"d343b19\" data-element_type=\"container\" data-e-type=\"container\" data-settings=\"{&quot;background_background&quot;:&quot;classic&quot;}\">\n\t\t\t\t\t<div class=\"e-con-inner\">\n\t\t\t\t\t<\/div>\n\t\t\t\t<\/div>\n\t\t<div class=\"elementor-element elementor-element-2bdc885 e-flex e-con-boxed e-con e-parent\" data-id=\"2bdc885\" data-element_type=\"container\" data-e-type=\"container\">\n\t\t\t\t\t<div class=\"e-con-inner\">\n\t\t<div class=\"elementor-element elementor-element-065f8bb e-con-full e-flex e-con e-child\" data-id=\"065f8bb\" data-element_type=\"container\" data-e-type=\"container\">\n\t\t<div class=\"elementor-element elementor-element-d09f552 e-con-full e-flex e-con e-child\" data-id=\"d09f552\" data-element_type=\"container\" data-e-type=\"container\">\n\t\t\t\t<div class=\"elementor-element elementor-element-2729dce elementor-widget elementor-widget-heading\" data-id=\"2729dce\" data-element_type=\"widget\" data-e-type=\"widget\" data-widget_type=\"heading.default\">\n\t\t\t\t\t<h5 class=\"elementor-heading-title elementor-size-default\">Food Trays &amp; Lids<\/h5>\t\t\t\t<\/div>\n\t\t\t\t<div class=\"elementor-element elementor-element-4cfe017 elementor-widget elementor-widget-text-editor\" data-id=\"4cfe017\" data-element_type=\"widget\" data-e-type=\"widget\" data-widget_type=\"text-editor.default\">\n\t\t\t\t\t\t\t\t\t<p data-start=\"225\" data-end=\"521\">Our premium food trays are designed for convenience, hygiene, and efficient food presentation across various industries. Whether you&#8217;re running a grocery store, catering an event, or managing a takeaway business, our disposable food trays offer a reliable solution for serving and packaging food.<br \/><br \/><\/p><p data-start=\"523\" data-end=\"793\">We provide food trays in multiple materials including plastic, paper, foam, and aluminum foil, allowing you to choose the ideal option for fresh, pre-packed, or ready-to-eat products. These trays are perfect for maintaining product quality while enhancing visual appeal.<br \/><br \/><\/p><p data-start=\"795\" data-end=\"1091\">Many of our trays come with secure-fitting lids to protect food from contamination and preserve freshness during storage and transportation. From deli trays to foil containers, our versatile packaging solutions help you serve food safely while creating a professional and attractive presentation.<\/p>\t\t\t\t\t\t\t\t<\/div>\n\t\t\t\t<\/div>\n\t\t\t\t<\/div>\n\t\t\t\t\t<\/div>\n\t\t\t\t<\/div>\n\t\t<div class=\"elementor-element elementor-element-09fbc04 e-flex e-con-boxed e-con e-parent\" data-id=\"09fbc04\" data-element_type=\"container\" data-e-type=\"container\">\n\t\t\t\t\t<div class=\"e-con-inner\">\n\t\t<div class=\"elementor-element elementor-element-e941192 e-con-full e-flex e-con e-child\" data-id=\"e941192\" data-element_type=\"container\" data-e-type=\"container\">\n\t\t\t\t<div class=\"elementor-element elementor-element-a9a1118 elementor-widget elementor-widget-image\" data-id=\"a9a1118\" data-element_type=\"widget\" data-e-type=\"widget\" data-widget_type=\"image.default\">\n\t\t\t\t\t\t\t\t\t\t\t\t\t\t\t<img fetchpriority=\"high\" decoding=\"async\" width=\"800\" height=\"534\" src=\"https:\/\/sunupackaging.com\/wp-content\/uploads\/2026\/04\/fresh-salad-plastic-container-clear-deli-bowl-food-packaging-white-background-1024x683.png\" class=\"attachment-large size-large wp-image-1563\" alt=\"\" srcset=\"https:\/\/sunupackaging.com\/wp-content\/uploads\/2026\/04\/fresh-salad-plastic-container-clear-deli-bowl-food-packaging-white-background-1024x683.png 1024w, https:\/\/sunupackaging.com\/wp-content\/uploads\/2026\/04\/fresh-salad-plastic-container-clear-deli-bowl-food-packaging-white-background-300x200.png 300w, https:\/\/sunupackaging.com\/wp-content\/uploads\/2026\/04\/fresh-salad-plastic-container-clear-deli-bowl-food-packaging-white-background-768x512.png 768w, https:\/\/sunupackaging.com\/wp-content\/uploads\/2026\/04\/fresh-salad-plastic-container-clear-deli-bowl-food-packaging-white-background-18x12.png 18w, https:\/\/sunupackaging.com\/wp-content\/uploads\/2026\/04\/fresh-salad-plastic-container-clear-deli-bowl-food-packaging-white-background.png 1536w\" sizes=\"(max-width: 800px) 100vw, 800px\" \/>\t\t\t\t\t\t\t\t\t\t\t\t\t\t\t<\/div>\n\t\t\t\t<div class=\"elementor-element elementor-element-642e7fb elementor-widget elementor-widget-heading\" data-id=\"642e7fb\" data-element_type=\"widget\" data-e-type=\"widget\" data-widget_type=\"heading.default\">\n\t\t\t\t\t<h4 class=\"elementor-heading-title elementor-size-default\">APET Food Trays<\/h4>\t\t\t\t<\/div>\n\t\t\t\t<div class=\"elementor-element elementor-element-befa230 elementor-widget elementor-widget-text-editor\" data-id=\"befa230\" data-element_type=\"widget\" data-e-type=\"widget\" data-widget_type=\"text-editor.default\">\n\t\t\t\t\t\t\t\t\t<p>Lightweight and crystal-clear APET trays ideal for fruits, salads, snacks, and deli products. Perfect for attractive retail display and hygienic food packaging.<\/p>\t\t\t\t\t\t\t\t<\/div>\n\t\t\t\t<\/div>\n\t\t<div class=\"elementor-element elementor-element-38720ed e-con-full e-flex e-con e-child\" data-id=\"38720ed\" data-element_type=\"container\" data-e-type=\"container\">\n\t\t\t\t<div class=\"elementor-element elementor-element-29bba94 elementor-widget elementor-widget-image\" data-id=\"29bba94\" data-element_type=\"widget\" data-e-type=\"widget\" data-widget_type=\"image.default\">\n\t\t\t\t\t\t\t\t\t\t\t\t\t\t\t<img decoding=\"async\" width=\"800\" height=\"534\" src=\"https:\/\/sunupackaging.com\/wp-content\/uploads\/2026\/04\/ready-meal-plastic-container-chicken-curry-rice-food-packaging-white-background-1024x683.png\" class=\"attachment-large size-large wp-image-1564\" alt=\"\" srcset=\"https:\/\/sunupackaging.com\/wp-content\/uploads\/2026\/04\/ready-meal-plastic-container-chicken-curry-rice-food-packaging-white-background-1024x683.png 1024w, https:\/\/sunupackaging.com\/wp-content\/uploads\/2026\/04\/ready-meal-plastic-container-chicken-curry-rice-food-packaging-white-background-300x200.png 300w, https:\/\/sunupackaging.com\/wp-content\/uploads\/2026\/04\/ready-meal-plastic-container-chicken-curry-rice-food-packaging-white-background-768x512.png 768w, https:\/\/sunupackaging.com\/wp-content\/uploads\/2026\/04\/ready-meal-plastic-container-chicken-curry-rice-food-packaging-white-background-18x12.png 18w, https:\/\/sunupackaging.com\/wp-content\/uploads\/2026\/04\/ready-meal-plastic-container-chicken-curry-rice-food-packaging-white-background.png 1536w\" sizes=\"(max-width: 800px) 100vw, 800px\" \/>\t\t\t\t\t\t\t\t\t\t\t\t\t\t\t<\/div>\n\t\t\t\t<div class=\"elementor-element elementor-element-252ddfb elementor-widget elementor-widget-heading\" data-id=\"252ddfb\" data-element_type=\"widget\" data-e-type=\"widget\" data-widget_type=\"heading.default\">\n\t\t\t\t\t<h4 class=\"elementor-heading-title elementor-size-default\">CPET Food Trays<\/h4>\t\t\t\t<\/div>\n\t\t\t\t<div class=\"elementor-element elementor-element-a1bef34 elementor-widget elementor-widget-text-editor\" data-id=\"a1bef34\" data-element_type=\"widget\" data-e-type=\"widget\" data-widget_type=\"text-editor.default\">\n\t\t\t\t\t\t\t\t\t<p data-start=\"277\" data-end=\"407\">Heat-resistant CPET trays designed for ready meals. Oven and microwave safe, ideal for frozen and high-temperature food packaging.<\/p>\t\t\t\t\t\t\t\t<\/div>\n\t\t\t\t<\/div>\n\t\t<div class=\"elementor-element elementor-element-2b8f8b6 e-con-full e-flex e-con e-child\" data-id=\"2b8f8b6\" data-element_type=\"container\" data-e-type=\"container\">\n\t\t\t\t<div class=\"elementor-element elementor-element-4292e26 elementor-widget elementor-widget-image\" data-id=\"4292e26\" data-element_type=\"widget\" data-e-type=\"widget\" data-widget_type=\"image.default\">\n\t\t\t\t\t\t\t\t\t\t\t\t\t\t\t<img decoding=\"async\" width=\"800\" height=\"534\" src=\"https:\/\/sunupackaging.com\/wp-content\/uploads\/2026\/04\/pp-food-tray-with-lid-ready-meal-container-chicken-wings-packaging-white-background-1024x683.png\" class=\"attachment-large size-large wp-image-1565\" alt=\"\" srcset=\"https:\/\/sunupackaging.com\/wp-content\/uploads\/2026\/04\/pp-food-tray-with-lid-ready-meal-container-chicken-wings-packaging-white-background-1024x683.png 1024w, https:\/\/sunupackaging.com\/wp-content\/uploads\/2026\/04\/pp-food-tray-with-lid-ready-meal-container-chicken-wings-packaging-white-background-300x200.png 300w, https:\/\/sunupackaging.com\/wp-content\/uploads\/2026\/04\/pp-food-tray-with-lid-ready-meal-container-chicken-wings-packaging-white-background-768x512.png 768w, https:\/\/sunupackaging.com\/wp-content\/uploads\/2026\/04\/pp-food-tray-with-lid-ready-meal-container-chicken-wings-packaging-white-background-18x12.png 18w, https:\/\/sunupackaging.com\/wp-content\/uploads\/2026\/04\/pp-food-tray-with-lid-ready-meal-container-chicken-wings-packaging-white-background.png 1536w\" sizes=\"(max-width: 800px) 100vw, 800px\" \/>\t\t\t\t\t\t\t\t\t\t\t\t\t\t\t<\/div>\n\t\t\t\t<div class=\"elementor-element elementor-element-b8f24e8 elementor-widget elementor-widget-heading\" data-id=\"b8f24e8\" data-element_type=\"widget\" data-e-type=\"widget\" data-widget_type=\"heading.default\">\n\t\t\t\t\t<h4 class=\"elementor-heading-title elementor-size-default\">PP Food Trays<\/h4>\t\t\t\t<\/div>\n\t\t\t\t<div class=\"elementor-element elementor-element-11509cb elementor-widget elementor-widget-text-editor\" data-id=\"11509cb\" data-element_type=\"widget\" data-e-type=\"widget\" data-widget_type=\"text-editor.default\">\n\t\t\t\t\t\t\t\t\t<p data-start=\"438\" data-end=\"592\">Durable PP trays suitable for fresh meat and microwaveable meals. Offers strong performance with optional high-barrier protection for extended shelf life.<\/p><hr data-start=\"594\" data-end=\"597\" \/><p data-start=\"599\" data-end=\"677\" data-is-last-node=\"\" data-is-only-node=\"\">\u00a0<\/p>\t\t\t\t\t\t\t\t<\/div>\n\t\t\t\t<\/div>\n\t\t\t\t\t<\/div>\n\t\t\t\t<\/div>\n\t\t<div class=\"elementor-element elementor-element-caa66e4 e-flex e-con-boxed e-con e-parent\" data-id=\"caa66e4\" data-element_type=\"container\" data-e-type=\"container\">\n\t\t\t\t\t<div class=\"e-con-inner\">\n\t\t<div class=\"elementor-element elementor-element-5ce8525 e-con-full e-flex e-con e-child\" data-id=\"5ce8525\" data-element_type=\"container\" data-e-type=\"container\">\n\t\t<div class=\"elementor-element elementor-element-a4d13a8 e-con-full e-flex e-con e-child\" data-id=\"a4d13a8\" data-element_type=\"container\" data-e-type=\"container\">\n\t\t\t\t<div class=\"elementor-element elementor-element-dffdab5 elementor-widget elementor-widget-image\" data-id=\"dffdab5\" data-element_type=\"widget\" data-e-type=\"widget\" data-widget_type=\"image.default\">\n\t\t\t\t\t\t\t\t\t\t\t\t\t\t\t<img loading=\"lazy\" decoding=\"async\" width=\"800\" height=\"534\" src=\"https:\/\/sunupackaging.com\/wp-content\/uploads\/2026\/04\/clear-clamshell-food-container-fresh-cherry-tomatoes-packaging-white-background-1024x683.png\" class=\"attachment-large size-large wp-image-1566\" alt=\"\" srcset=\"https:\/\/sunupackaging.com\/wp-content\/uploads\/2026\/04\/clear-clamshell-food-container-fresh-cherry-tomatoes-packaging-white-background-1024x683.png 1024w, https:\/\/sunupackaging.com\/wp-content\/uploads\/2026\/04\/clear-clamshell-food-container-fresh-cherry-tomatoes-packaging-white-background-300x200.png 300w, https:\/\/sunupackaging.com\/wp-content\/uploads\/2026\/04\/clear-clamshell-food-container-fresh-cherry-tomatoes-packaging-white-background-768x512.png 768w, https:\/\/sunupackaging.com\/wp-content\/uploads\/2026\/04\/clear-clamshell-food-container-fresh-cherry-tomatoes-packaging-white-background-18x12.png 18w, https:\/\/sunupackaging.com\/wp-content\/uploads\/2026\/04\/clear-clamshell-food-container-fresh-cherry-tomatoes-packaging-white-background.png 1536w\" sizes=\"(max-width: 800px) 100vw, 800px\" \/>\t\t\t\t\t\t\t\t\t\t\t\t\t\t\t<\/div>\n\t\t\t\t<div class=\"elementor-element elementor-element-f9a9d68 elementor-widget elementor-widget-heading\" data-id=\"f9a9d68\" data-element_type=\"widget\" data-e-type=\"widget\" data-widget_type=\"heading.default\">\n\t\t\t\t\t<h4 class=\"elementor-heading-title elementor-size-default\">Clamshell Packaging<\/h4>\t\t\t\t<\/div>\n\t\t\t\t<div class=\"elementor-element elementor-element-8a5a955 elementor-widget elementor-widget-text-editor\" data-id=\"8a5a955\" data-element_type=\"widget\" data-e-type=\"widget\" data-widget_type=\"text-editor.default\">\n\t\t\t\t\t\t\t\t\t<p>Durable clamshell containers made from various plastics, ideal for secure food packaging and clear product display. Perfect for takeaway and retail use.<\/p>\t\t\t\t\t\t\t\t<\/div>\n\t\t\t\t<\/div>\n\t\t<div class=\"elementor-element elementor-element-a3dd8f1 e-con-full e-flex e-con e-child\" data-id=\"a3dd8f1\" data-element_type=\"container\" data-e-type=\"container\">\n\t\t\t\t<div class=\"elementor-element elementor-element-b8bacd0 elementor-widget elementor-widget-image\" data-id=\"b8bacd0\" data-element_type=\"widget\" data-e-type=\"widget\" data-widget_type=\"image.default\">\n\t\t\t\t\t\t\t\t\t\t\t\t\t\t\t<img loading=\"lazy\" decoding=\"async\" width=\"800\" height=\"534\" src=\"https:\/\/sunupackaging.com\/wp-content\/uploads\/2026\/04\/sushi-takeaway-container-clear-lid-black-tray-food-packaging-white-background-1024x683.png\" class=\"attachment-large size-large wp-image-1567\" alt=\"\" srcset=\"https:\/\/sunupackaging.com\/wp-content\/uploads\/2026\/04\/sushi-takeaway-container-clear-lid-black-tray-food-packaging-white-background-1024x683.png 1024w, https:\/\/sunupackaging.com\/wp-content\/uploads\/2026\/04\/sushi-takeaway-container-clear-lid-black-tray-food-packaging-white-background-300x200.png 300w, https:\/\/sunupackaging.com\/wp-content\/uploads\/2026\/04\/sushi-takeaway-container-clear-lid-black-tray-food-packaging-white-background-768x512.png 768w, https:\/\/sunupackaging.com\/wp-content\/uploads\/2026\/04\/sushi-takeaway-container-clear-lid-black-tray-food-packaging-white-background-18x12.png 18w, https:\/\/sunupackaging.com\/wp-content\/uploads\/2026\/04\/sushi-takeaway-container-clear-lid-black-tray-food-packaging-white-background.png 1536w\" sizes=\"(max-width: 800px) 100vw, 800px\" \/>\t\t\t\t\t\t\t\t\t\t\t\t\t\t\t<\/div>\n\t\t\t\t<div class=\"elementor-element elementor-element-4ac5aba elementor-widget elementor-widget-heading\" data-id=\"4ac5aba\" data-element_type=\"widget\" data-e-type=\"widget\" data-widget_type=\"heading.default\">\n\t\t\t\t\t<h4 class=\"elementor-heading-title elementor-size-default\">Sushi Trays<\/h4>\t\t\t\t<\/div>\n\t\t\t\t<div class=\"elementor-element elementor-element-6bebcb4 elementor-widget elementor-widget-text-editor\" data-id=\"6bebcb4\" data-element_type=\"widget\" data-e-type=\"widget\" data-widget_type=\"text-editor.default\">\n\t\t\t\t\t\t\t\t\t<p data-start=\"291\" data-end=\"443\">Lightweight sushi trays designed for fresh food presentation. Available in multiple sizes and materials, ideal for sushi packaging and takeaway service.<\/p>\t\t\t\t\t\t\t\t<\/div>\n\t\t\t\t<\/div>\n\t\t\t\t<\/div>\n\t\t\t\t\t<\/div>\n\t\t\t\t<\/div>\n\t\t<div class=\"elementor-element elementor-element-da45475 e-flex e-con-boxed e-con e-parent\" data-id=\"da45475\" data-element_type=\"container\" data-e-type=\"container\">\n\t\t\t\t\t<div class=\"e-con-inner\">\n\t\t\t\t<div class=\"elementor-element elementor-element-0b1fe32 elementor-widget elementor-widget-template\" data-id=\"0b1fe32\" data-element_type=\"widget\" data-e-type=\"widget\" data-widget_type=\"template.default\">\n\t\t\t\t<div class=\"elementor-widget-container\">\n\t\t\t\t\t\t\t<div class=\"elementor-template\">\n\t\t\t\t\t<div data-elementor-type=\"container\" data-elementor-id=\"666\" class=\"elementor elementor-666\" data-elementor-post-type=\"elementor_library\">\n\t\t\t\t<div class=\"elementor-element elementor-element-5a1ff2ba e-flex e-con-boxed e-con e-parent\" data-id=\"5a1ff2ba\" data-element_type=\"container\" data-e-type=\"container\">\n\t\t\t\t\t<div class=\"e-con-inner\">\n\t\t<div class=\"elementor-element elementor-element-38ef4780 e-con-full e-flex e-con e-child\" data-id=\"38ef4780\" data-element_type=\"container\" data-e-type=\"container\" data-settings=\"{&quot;background_background&quot;:&quot;classic&quot;}\">\n\t\t\t\t<div class=\"elementor-element elementor-element-36fc770d elementor-widget elementor-widget-heading\" data-id=\"36fc770d\" data-element_type=\"widget\" data-e-type=\"widget\" data-widget_type=\"heading.default\">\n\t\t\t\t\t<h2 class=\"elementor-heading-title elementor-size-default\">Pour plus d'informations,\nveuillez nous contacter<\/h2>\t\t\t\t<\/div>\n\t\t\t\t<div class=\"elementor-element elementor-element-75de4ca1 elementor-widget__width-initial elementor-widget-tablet__width-inherit elementor-widget elementor-widget-text-editor\" data-id=\"75de4ca1\" data-element_type=\"widget\" data-e-type=\"widget\" data-widget_type=\"text-editor.default\">\n\t\t\t\t\t\t\t\t\t<p>Notre personnel peut aider \u00e0 d\u00e9velopper les besoins du client, y compris les performances de la machine. l'\u00e9conomie et la dur\u00e9e de conservation.<\/p>\t\t\t\t\t\t\t\t<\/div>\n\t\t\t\t<div class=\"elementor-element elementor-element-a13495a elementor-align-center elementor-widget elementor-widget-button\" data-id=\"a13495a\" data-element_type=\"widget\" data-e-type=\"widget\" data-widget_type=\"button.default\">\n\t\t\t\t\t\t\t\t\t\t<a class=\"elementor-button elementor-button-link elementor-size-sm\" href=\"https:\/\/sunupackaging.com\/fr\/contact-us\/\">\n\t\t\t\t\t\t<span class=\"elementor-button-content-wrapper\">\n\t\t\t\t\t\t\t\t\t<span class=\"elementor-button-text\">Nous contacter<\/span>\n\t\t\t\t\t<\/span>\n\t\t\t\t\t<\/a>\n\t\t\t\t\t\t\t\t<\/div>\n\t\t\t\t<\/div>\n\t\t\t\t\t<\/div>\n\t\t\t\t<\/div>\n\t\t\t\t<\/div>\n\t\t\t\t<\/div>\n\t\t\t\t\t\t<\/div>\n\t\t\t\t<\/div>\n\t\t\t\t\t<\/div>\n\t\t\t\t<\/div>\n\t\t\t\t<\/div>","protected":false},"excerpt":{"rendered":"<p>Food Trays &amp; Lids Our premium food trays are designed for convenience, hygiene, and efficient food presentation across various industries. Whether you&#8217;re running a grocery store, catering an event, or managing a takeaway business, our disposable food trays offer a reliable solution for serving and packaging food. We provide food trays in multiple materials including [&hellip;]<\/p>\n","protected":false},"author":2,"featured_media":0,"parent":0,"menu_order":0,"comment_status":"closed","ping_status":"closed","template":"elementor_header_footer","meta":{"_acf_changed":false,"footnotes":""},"class_list":["post-1562","page","type-page","status-publish","hentry"],"acf":[],"_links":{"self":[{"href":"https:\/\/sunupackaging.com\/fr\/wp-json\/wp\/v2\/pages\/1562","targetHints":{"allow":["GET"]}}],"collection":[{"href":"https:\/\/sunupackaging.com\/fr\/wp-json\/wp\/v2\/pages"}],"about":[{"href":"https:\/\/sunupackaging.com\/fr\/wp-json\/wp\/v2\/types\/page"}],"author":[{"embeddable":true,"href":"https:\/\/sunupackaging.com\/fr\/wp-json\/wp\/v2\/users\/2"}],"replies":[{"embeddable":true,"href":"https:\/\/sunupackaging.com\/fr\/wp-json\/wp\/v2\/comments?post=1562"}],"version-history":[{"count":7,"href":"https:\/\/sunupackaging.com\/fr\/wp-json\/wp\/v2\/pages\/1562\/revisions"}],"predecessor-version":[{"id":1575,"href":"https:\/\/sunupackaging.com\/fr\/wp-json\/wp\/v2\/pages\/1562\/revisions\/1575"}],"wp:attachment":[{"href":"https:\/\/sunupackaging.com\/fr\/wp-json\/wp\/v2\/media?parent=1562"}],"curies":[{"name":"wp","href":"https:\/\/api.w.org\/{rel}","templated":true}]}}